{"id":67896,"date":"2020-06-17T15:51:06","date_gmt":"2020-06-17T19:51:06","guid":{"rendered":"https:\/\/stevegerrard.com\/mariages-en-vedette\/"},"modified":"2024-02-21T10:51:51","modified_gmt":"2024-02-21T15:51:51","slug":"mariages-en-vedette","status":"publish","type":"page","link":"https:\/\/stevegerrard.com\/fr\/mariages-en-vedette\/","title":{"rendered":"Mariages en vedette"},"content":{"rendered":"\t\t<div data-elementor-type=\"wp-page\" data-elementor-id=\"67896\" class=\"elementor elementor-67896 elementor-8\" data-elementor-post-type=\"page\">\n\t\t\t\t<div class=\"elementor-element elementor-element-a66a1f2 e-con-full e-flex e-con e-parent\" data-id=\"a66a1f2\" data-element_type=\"container\" data-e-type=\"container\" data-settings=\"{&quot;background_background&quot;:&quot;slideshow&quot;,&quot;background_slideshow_gallery&quot;:[{&quot;id&quot;:70922,&quot;url&quot;:&quot;https:\\\/\\\/stevegerrard.com\\\/wp-content\\\/uploads\\\/2023\\\/12\\\/Steve-Gerrard-Wedding-Photography-124.jpg&quot;},{&quot;id&quot;:70892,&quot;url&quot;:&quot;https:\\\/\\\/stevegerrard.com\\\/wp-content\\\/uploads\\\/2023\\\/12\\\/Steve-Gerrard-Wedding-Photography-197.jpg&quot;},{&quot;id&quot;:70899,&quot;url&quot;:&quot;https:\\\/\\\/stevegerrard.com\\\/wp-content\\\/uploads\\\/2023\\\/12\\\/Steve-Gerrard-Wedding-Photography-176.jpg&quot;},{&quot;id&quot;:70902,&quot;url&quot;:&quot;https:\\\/\\\/stevegerrard.com\\\/wp-content\\\/uploads\\\/2023\\\/12\\\/Steve-Gerrard-Wedding-Photography-168.jpg&quot;},{&quot;id&quot;:70903,&quot;url&quot;:&quot;https:\\\/\\\/stevegerrard.com\\\/wp-content\\\/uploads\\\/2023\\\/12\\\/Steve-Gerrard-Wedding-Photography-170.jpg&quot;},{&quot;id&quot;:70905,&quot;url&quot;:&quot;https:\\\/\\\/stevegerrard.com\\\/wp-content\\\/uploads\\\/2023\\\/12\\\/Steve-Gerrard-Wedding-Photography-154.jpg&quot;},{&quot;id&quot;:70912,&quot;url&quot;:&quot;https:\\\/\\\/stevegerrard.com\\\/wp-content\\\/uploads\\\/2023\\\/12\\\/Steve-Gerrard-Wedding-Photography-149.jpg&quot;},{&quot;id&quot;:70913,&quot;url&quot;:&quot;https:\\\/\\\/stevegerrard.com\\\/wp-content\\\/uploads\\\/2023\\\/12\\\/Steve-Gerrard-Wedding-Photography-150.jpg&quot;},{&quot;id&quot;:70915,&quot;url&quot;:&quot;https:\\\/\\\/stevegerrard.com\\\/wp-content\\\/uploads\\\/2023\\\/12\\\/Steve-Gerrard-Wedding-Photography-133.jpg&quot;},{&quot;id&quot;:70916,&quot;url&quot;:&quot;https:\\\/\\\/stevegerrard.com\\\/wp-content\\\/uploads\\\/2023\\\/12\\\/Steve-Gerrard-Wedding-Photography-136.jpg&quot;},{&quot;id&quot;:70930,&quot;url&quot;:&quot;https:\\\/\\\/stevegerrard.com\\\/wp-content\\\/uploads\\\/2023\\\/12\\\/Steve-Gerrard-Wedding-Photography-86.jpg&quot;},{&quot;id&quot;:70935,&quot;url&quot;:&quot;https:\\\/\\\/stevegerrard.com\\\/wp-content\\\/uploads\\\/2023\\\/12\\\/Steve-Gerrard-Wedding-Photography-77.jpg&quot;},{&quot;id&quot;:70941,&quot;url&quot;:&quot;https:\\\/\\\/stevegerrard.com\\\/wp-content\\\/uploads\\\/2023\\\/12\\\/Steve-Gerrard-Wedding-Photography-65.jpg&quot;},{&quot;id&quot;:70947,&quot;url&quot;:&quot;https:\\\/\\\/stevegerrard.com\\\/wp-content\\\/uploads\\\/2023\\\/12\\\/Steve-Gerrard-Wedding-Photography-57.jpg&quot;}],&quot;position&quot;:&quot;fixed&quot;,&quot;background_slideshow_slide_transition&quot;:&quot;slide_left&quot;,&quot;background_slideshow_loop&quot;:&quot;yes&quot;,&quot;background_slideshow_slide_duration&quot;:5000,&quot;background_slideshow_transition_duration&quot;:500}\">\n\t\t<div class=\"elementor-element elementor-element-7af4fdc e-con-full e-flex e-con e-child\" data-id=\"7af4fdc\" data-element_type=\"container\" data-e-type=\"container\">\n\t\t\t\t<div class=\"elementor-element elementor-element-5ae7b70 elementor-invisible elementor-widget elementor-widget-heading\" data-id=\"5ae7b70\" data-element_type=\"widget\" data-e-type=\"widget\" data-settings=\"{&quot;_animation&quot;:&quot;fadeInUp&quot;}\" data-widget_type=\"heading.default\">\n\t\t\t\t<div class=\"elementor-widget-container\">\n\t\t\t\t\t<h1 class=\"elementor-heading-title elementor-size-default\">Mariages en vedette<\/h1>\t\t\t\t<\/div>\n\t\t\t\t<\/div>\n\t\t\t\t<\/div>\n\t\t\t\t<\/div>\n\t\t<div class=\"elementor-element elementor-element-6d84e18 e-con-full e-flex e-con e-parent\" data-id=\"6d84e18\" data-element_type=\"container\" data-e-type=\"container\" data-settings=\"{&quot;background_background&quot;:&quot;classic&quot;}\">\n\t\t<div class=\"elementor-element elementor-element-9be4cc9 e-con-full e-flex e-con e-child\" data-id=\"9be4cc9\" data-element_type=\"container\" data-e-type=\"container\" data-settings=\"{&quot;background_background&quot;:&quot;classic&quot;}\">\n\t\t\t\t<div class=\"elementor-element elementor-element-7fab51b elementor-mobile-align-left elementor-tablet-align-left elementor-widget elementor-widget-button\" data-id=\"7fab51b\" data-element_type=\"widget\" data-e-type=\"widget\" data-widget_type=\"button.default\">\n\t\t\t\t<div class=\"elementor-widget-container\">\n\t\t\t\t\t\t\t\t\t<div class=\"elementor-button-wrapper\">\n\t\t\t\t\t<a class=\"elementor-button elementor-button-link elementor-size-md elementor-animation-grow\" href=\"https:\/\/stevegerrard.com\/fr\/blog\/\">\n\t\t\t\t\t\t<span class=\"elementor-button-content-wrapper\">\n\t\t\t\t\t\t\t\t\t<span class=\"elementor-button-text\">Voir tous les travaux r\u00e9cents<\/span>\n\t\t\t\t\t<\/span>\n\t\t\t\t\t<\/a>\n\t\t\t\t<\/div>\n\t\t\t\t\t\t\t\t<\/div>\n\t\t\t\t<\/div>\n\t\t\t\t<\/div>\n\t\t\t\t<\/div>\n\t\t<div class=\"elementor-element elementor-element-2b04fec e-flex e-con-boxed e-con e-child\" data-id=\"2b04fec\" data-element_type=\"container\" data-e-type=\"container\" data-settings=\"{&quot;background_background&quot;:&quot;classic&quot;}\">\n\t\t\t\t\t<div class=\"e-con-inner\">\n\t\t\t\t<div class=\"elementor-element elementor-element-4d8effc elementor-view-default elementor-widget elementor-widget-icon\" data-id=\"4d8effc\" data-element_type=\"widget\" data-e-type=\"widget\" data-widget_type=\"icon.default\">\n\t\t\t\t<div class=\"elementor-widget-container\">\n\t\t\t\t\t\t\t<div class=\"elementor-icon-wrapper\">\n\t\t\t<div class=\"elementor-icon\">\n\t\t\t<svg xmlns=\"http:\/\/www.w3.org\/2000\/svg\" xmlns:xlink=\"http:\/\/www.w3.org\/1999\/xlink\" id=\"Layer_1\" x=\"0px\" y=\"0px\" viewBox=\"0 0 12.3 15.3\" style=\"enable-background:new 0 0 12.3 15.3;\" xml:space=\"preserve\"><g>\t<path d=\"M0.3,5.4h2.1c0,0.4,0,0.9-0.1,1.3c-0.1,0.5-0.2,1-0.4,1.4C1.7,8.6,1.4,9,1.1,9.4C0.8,9.7,0.4,10,0,10.1v2.2  c0.7-0.2,1.4-0.5,2-1c0.6-0.5,1-1,1.4-1.6C3.8,9,4,8.3,4.2,7.6c0.2-0.7,0.3-1.5,0.3-2.2V0H0.3V5.4z\"><\/path>\t<path d=\"M8,0v5.4h2.1c0,0.4,0,0.9-0.1,1.3c-0.1,0.5-0.2,1-0.4,1.4C9.5,8.6,9.2,9,8.9,9.4C8.6,9.7,8.2,10,7.8,10.1v2.2  c0.7-0.2,1.4-0.5,2-1c0.6-0.5,1-1,1.4-1.6c0.4-0.6,0.7-1.3,0.8-2c0.2-0.7,0.3-1.5,0.3-2.2V0H8z\"><\/path><\/g><\/svg>\t\t\t<\/div>\n\t\t<\/div>\n\t\t\t\t\t\t<\/div>\n\t\t\t\t<\/div>\n\t\t\t\t<div class=\"elementor-element elementor-element-66c3d60 elementor-blockquote--skin-border elementor-widget elementor-widget-blockquote\" data-id=\"66c3d60\" data-element_type=\"widget\" data-e-type=\"widget\" data-widget_type=\"blockquote.default\">\n\t\t\t\t<div class=\"elementor-widget-container\">\n\t\t\t\t\t\t\t<blockquote class=\"elementor-blockquote\">\n\t\t\t<p class=\"elementor-blockquote__content\">\n\t\t\t\tDire que nous adorons nos photos de mariage est un euph\u00e9misme, elles sont incroyables et correspondent exactement au style que nous recherchions. Steve prend des photos d'une mani\u00e8re qui vous laisse avec des photos cr\u00e9atives, \u00e9motives et magnifiques que vous allez absolument adorer, chacune d'entre elles. Il est si calme et si professionnel qu'il est la combinaison parfaite pour un photographe de mariage. Il vous fait vraiment sentir qu'il se soucie autant de votre mariage et de votre relation que vous, ce qui fait qu'il est tout \u00e0 fait normal qu'il en fasse partie. Steve, nous ne pourrons jamais assez te remercier !\t\t\t<\/p>\n\t\t\t\t\t\t\t<div class=\"e-q-footer\">\n\t\t\t\t\t\t\t\t\t\t\t<cite class=\"elementor-blockquote__author\">Ruth + Simon<\/cite>\n\t\t\t\t\t\t\t\t\t\t\t\t\t\t<\/div>\n\t\t\t\t\t<\/blockquote>\n\t\t\t\t\t\t<\/div>\n\t\t\t\t<\/div>\n\t\t\t\t\t<\/div>\n\t\t\t\t<\/div>\n\t\t\t\t<\/div>\n\t\t","protected":false},"excerpt":{"rendered":"<p>Mariages en vedette Voir tous les travaux r\u00e9cents Dire que nous adorons nos photos de mariage est un euph\u00e9misme, elles sont incroyables et correspondent exactement au style que nous recherchions. Steve prend des photos d&rsquo;une mani\u00e8re qui vous laisse avec des photos cr\u00e9atives, \u00e9motives et magnifiques que vous allez absolument adorer, chacune d&rsquo;entre elles. Il [&hellip;]<\/p>\n","protected":false},"author":3,"featured_media":55536,"parent":0,"menu_order":0,"comment_status":"open","ping_status":"open","template":"elementor_header_footer","meta":{"_acf_changed":false,"footnotes":""},"class_list":["post-67896","page","type-page","status-publish","has-post-thumbnail","hentry"],"acf":[],"yoast_head":"<!-- This site is optimized with the Yoast SEO Premium plugin v27.4 (Yoast SEO v27.6) - https:\/\/yoast.com\/product\/yoast-seo-premium-wordpress\/ -->\n<title>Portfolio de mariages de Steve Gerrard, photographe de mariage<\/title>\n<meta name=\"description\" content=\"Une s\u00e9lection de mariages r\u00e9cents photographi\u00e9s par le photographe de mariages de destination Steve Gerrard.\" \/>\n<meta name=\"robots\" content=\"index, follow, max-snippet:-1, max-image-preview:large, max-video-preview:-1\" \/>\n<link rel=\"canonical\" href=\"https:\/\/stevegerrard.com\/fr\/mariages-en-vedette\/\" \/>\n<meta property=\"og:locale\" content=\"fr_FR\" \/>\n<meta property=\"og:type\" content=\"article\" \/>\n<meta property=\"og:title\" content=\"Mariages en vedette\" \/>\n<meta property=\"og:description\" content=\"Une s\u00e9lection de mariages r\u00e9cents photographi\u00e9s par le photographe de mariages de destination Steve Gerrard.\" \/>\n<meta property=\"og:url\" content=\"https:\/\/stevegerrard.com\/fr\/mariages-en-vedette\/\" \/>\n<meta property=\"og:site_name\" content=\"Steve Gerrard Photography\" \/>\n<meta property=\"article:publisher\" content=\"https:\/\/www.facebook.com\/stevegerrardphotography\" \/>\n<meta property=\"article:modified_time\" content=\"2024-02-21T15:51:51+00:00\" \/>\n<meta property=\"og:image\" content=\"https:\/\/stevegerrard.com\/wp-content\/uploads\/2021\/07\/SGP-100-1.jpg\" \/>\n\t<meta property=\"og:image:width\" content=\"2048\" \/>\n\t<meta property=\"og:image:height\" content=\"1365\" \/>\n\t<meta property=\"og:image:type\" content=\"image\/jpeg\" \/>\n<meta name=\"twitter:card\" content=\"summary_large_image\" \/>\n<meta name=\"twitter:site\" content=\"@stevegerrard\" \/>\n<meta name=\"twitter:label1\" content=\"Dur\u00e9e de lecture estim\u00e9e\" \/>\n\t<meta name=\"twitter:data1\" content=\"1 minute\" \/>\n<script type=\"application\/ld+json\" class=\"yoast-schema-graph\">{\"@context\":\"https:\\\/\\\/schema.org\",\"@graph\":[{\"@type\":\"WebPage\",\"@id\":\"https:\\\/\\\/stevegerrard.com\\\/fr\\\/mariages-en-vedette\\\/\",\"url\":\"https:\\\/\\\/stevegerrard.com\\\/fr\\\/mariages-en-vedette\\\/\",\"name\":\"Portfolio de mariages de Steve Gerrard, photographe de mariage\",\"isPartOf\":{\"@id\":\"https:\\\/\\\/stevegerrard.com\\\/fr\\\/#website\"},\"primaryImageOfPage\":{\"@id\":\"https:\\\/\\\/stevegerrard.com\\\/fr\\\/mariages-en-vedette\\\/#primaryimage\"},\"image\":{\"@id\":\"https:\\\/\\\/stevegerrard.com\\\/fr\\\/mariages-en-vedette\\\/#primaryimage\"},\"thumbnailUrl\":\"https:\\\/\\\/stevegerrard.com\\\/wp-content\\\/uploads\\\/2021\\\/07\\\/SGP-100-1.jpg\",\"datePublished\":\"2020-06-17T19:51:06+00:00\",\"dateModified\":\"2024-02-21T15:51:51+00:00\",\"description\":\"Une s\u00e9lection de mariages r\u00e9cents photographi\u00e9s par le photographe de mariages de destination Steve Gerrard.\",\"breadcrumb\":{\"@id\":\"https:\\\/\\\/stevegerrard.com\\\/fr\\\/mariages-en-vedette\\\/#breadcrumb\"},\"inLanguage\":\"fr-FR\",\"potentialAction\":[{\"@type\":\"ReadAction\",\"target\":[\"https:\\\/\\\/stevegerrard.com\\\/fr\\\/mariages-en-vedette\\\/\"]}]},{\"@type\":\"ImageObject\",\"inLanguage\":\"fr-FR\",\"@id\":\"https:\\\/\\\/stevegerrard.com\\\/fr\\\/mariages-en-vedette\\\/#primaryimage\",\"url\":\"https:\\\/\\\/stevegerrard.com\\\/wp-content\\\/uploads\\\/2021\\\/07\\\/SGP-100-1.jpg\",\"contentUrl\":\"https:\\\/\\\/stevegerrard.com\\\/wp-content\\\/uploads\\\/2021\\\/07\\\/SGP-100-1.jpg\",\"width\":2048,\"height\":1365,\"caption\":\"No use without permission.\"},{\"@type\":\"BreadcrumbList\",\"@id\":\"https:\\\/\\\/stevegerrard.com\\\/fr\\\/mariages-en-vedette\\\/#breadcrumb\",\"itemListElement\":[{\"@type\":\"ListItem\",\"position\":1,\"name\":\"Home\",\"item\":\"https:\\\/\\\/stevegerrard.com\\\/fr\\\/\"},{\"@type\":\"ListItem\",\"position\":2,\"name\":\"Mariages en vedette\"}]},{\"@type\":\"WebSite\",\"@id\":\"https:\\\/\\\/stevegerrard.com\\\/fr\\\/#website\",\"url\":\"https:\\\/\\\/stevegerrard.com\\\/fr\\\/\",\"name\":\"Steve Gerrard Photography\",\"description\":\"Wedding, portrait &amp; music photography\",\"publisher\":{\"@id\":\"https:\\\/\\\/stevegerrard.com\\\/fr\\\/#\\\/schema\\\/person\\\/b0486803327c43f1437d11a2c2998eb6\"},\"potentialAction\":[{\"@type\":\"SearchAction\",\"target\":{\"@type\":\"EntryPoint\",\"urlTemplate\":\"https:\\\/\\\/stevegerrard.com\\\/fr\\\/?s={search_term_string}\"},\"query-input\":{\"@type\":\"PropertyValueSpecification\",\"valueRequired\":true,\"valueName\":\"search_term_string\"}}],\"inLanguage\":\"fr-FR\"},{\"@type\":[\"Person\",\"Organization\"],\"@id\":\"https:\\\/\\\/stevegerrard.com\\\/fr\\\/#\\\/schema\\\/person\\\/b0486803327c43f1437d11a2c2998eb6\",\"name\":\"Steve Gerrard\",\"image\":{\"@type\":\"ImageObject\",\"inLanguage\":\"fr-FR\",\"@id\":\"https:\\\/\\\/stevegerrard.com\\\/wp-content\\\/uploads\\\/2022\\\/01\\\/HiResLogo-square.jpg\",\"url\":\"https:\\\/\\\/stevegerrard.com\\\/wp-content\\\/uploads\\\/2022\\\/01\\\/HiResLogo-square.jpg\",\"contentUrl\":\"https:\\\/\\\/stevegerrard.com\\\/wp-content\\\/uploads\\\/2022\\\/01\\\/HiResLogo-square.jpg\",\"width\":1142,\"height\":1143,\"caption\":\"Steve Gerrard\"},\"logo\":{\"@id\":\"https:\\\/\\\/stevegerrard.com\\\/wp-content\\\/uploads\\\/2022\\\/01\\\/HiResLogo-square.jpg\"},\"description\":\"Hi, I\u2019m Steve &amp; I\u2019m a wedding, portrait &amp; music photographer. I do things a bit differently. My photography style is authentic, creative, and cheese-free!\",\"sameAs\":[\"https:\\\/\\\/stevegerrard.com\\\/\",\"https:\\\/\\\/www.facebook.com\\\/stevegerrardphotography\",\"https:\\\/\\\/www.instagram.com\\\/stevegerrard\\\/\",\"https:\\\/\\\/www.linkedin.com\\\/in\\\/stevegerrardphotography\\\/\",\"https:\\\/\\\/x.com\\\/stevegerrard\",\"https:\\\/\\\/www.youtube.com\\\/c\\\/SteveGerrardPhotography\"]}]}<\/script>\n<!-- \/ Yoast SEO Premium plugin. -->","yoast_head_json":{"title":"Portfolio de mariages de Steve Gerrard, photographe de mariage","description":"Une s\u00e9lection de mariages r\u00e9cents photographi\u00e9s par le photographe de mariages de destination Steve Gerrard.","robots":{"index":"index","follow":"follow","max-snippet":"max-snippet:-1","max-image-preview":"max-image-preview:large","max-video-preview":"max-video-preview:-1"},"canonical":"https:\/\/stevegerrard.com\/fr\/mariages-en-vedette\/","og_locale":"fr_FR","og_type":"article","og_title":"Mariages en vedette","og_description":"Une s\u00e9lection de mariages r\u00e9cents photographi\u00e9s par le photographe de mariages de destination Steve Gerrard.","og_url":"https:\/\/stevegerrard.com\/fr\/mariages-en-vedette\/","og_site_name":"Steve Gerrard Photography","article_publisher":"https:\/\/www.facebook.com\/stevegerrardphotography","article_modified_time":"2024-02-21T15:51:51+00:00","og_image":[{"width":2048,"height":1365,"url":"https:\/\/stevegerrard.com\/wp-content\/uploads\/2021\/07\/SGP-100-1.jpg","type":"image\/jpeg"}],"twitter_card":"summary_large_image","twitter_site":"@stevegerrard","twitter_misc":{"Dur\u00e9e de lecture estim\u00e9e":"1 minute"},"schema":{"@context":"https:\/\/schema.org","@graph":[{"@type":"WebPage","@id":"https:\/\/stevegerrard.com\/fr\/mariages-en-vedette\/","url":"https:\/\/stevegerrard.com\/fr\/mariages-en-vedette\/","name":"Portfolio de mariages de Steve Gerrard, photographe de mariage","isPartOf":{"@id":"https:\/\/stevegerrard.com\/fr\/#website"},"primaryImageOfPage":{"@id":"https:\/\/stevegerrard.com\/fr\/mariages-en-vedette\/#primaryimage"},"image":{"@id":"https:\/\/stevegerrard.com\/fr\/mariages-en-vedette\/#primaryimage"},"thumbnailUrl":"https:\/\/stevegerrard.com\/wp-content\/uploads\/2021\/07\/SGP-100-1.jpg","datePublished":"2020-06-17T19:51:06+00:00","dateModified":"2024-02-21T15:51:51+00:00","description":"Une s\u00e9lection de mariages r\u00e9cents photographi\u00e9s par le photographe de mariages de destination Steve Gerrard.","breadcrumb":{"@id":"https:\/\/stevegerrard.com\/fr\/mariages-en-vedette\/#breadcrumb"},"inLanguage":"fr-FR","potentialAction":[{"@type":"ReadAction","target":["https:\/\/stevegerrard.com\/fr\/mariages-en-vedette\/"]}]},{"@type":"ImageObject","inLanguage":"fr-FR","@id":"https:\/\/stevegerrard.com\/fr\/mariages-en-vedette\/#primaryimage","url":"https:\/\/stevegerrard.com\/wp-content\/uploads\/2021\/07\/SGP-100-1.jpg","contentUrl":"https:\/\/stevegerrard.com\/wp-content\/uploads\/2021\/07\/SGP-100-1.jpg","width":2048,"height":1365,"caption":"No use without permission."},{"@type":"BreadcrumbList","@id":"https:\/\/stevegerrard.com\/fr\/mariages-en-vedette\/#breadcrumb","itemListElement":[{"@type":"ListItem","position":1,"name":"Home","item":"https:\/\/stevegerrard.com\/fr\/"},{"@type":"ListItem","position":2,"name":"Mariages en vedette"}]},{"@type":"WebSite","@id":"https:\/\/stevegerrard.com\/fr\/#website","url":"https:\/\/stevegerrard.com\/fr\/","name":"Steve Gerrard Photography","description":"Wedding, portrait &amp; music photography","publisher":{"@id":"https:\/\/stevegerrard.com\/fr\/#\/schema\/person\/b0486803327c43f1437d11a2c2998eb6"},"potentialAction":[{"@type":"SearchAction","target":{"@type":"EntryPoint","urlTemplate":"https:\/\/stevegerrard.com\/fr\/?s={search_term_string}"},"query-input":{"@type":"PropertyValueSpecification","valueRequired":true,"valueName":"search_term_string"}}],"inLanguage":"fr-FR"},{"@type":["Person","Organization"],"@id":"https:\/\/stevegerrard.com\/fr\/#\/schema\/person\/b0486803327c43f1437d11a2c2998eb6","name":"Steve Gerrard","image":{"@type":"ImageObject","inLanguage":"fr-FR","@id":"https:\/\/stevegerrard.com\/wp-content\/uploads\/2022\/01\/HiResLogo-square.jpg","url":"https:\/\/stevegerrard.com\/wp-content\/uploads\/2022\/01\/HiResLogo-square.jpg","contentUrl":"https:\/\/stevegerrard.com\/wp-content\/uploads\/2022\/01\/HiResLogo-square.jpg","width":1142,"height":1143,"caption":"Steve Gerrard"},"logo":{"@id":"https:\/\/stevegerrard.com\/wp-content\/uploads\/2022\/01\/HiResLogo-square.jpg"},"description":"Hi, I\u2019m Steve &amp; I\u2019m a wedding, portrait &amp; music photographer. I do things a bit differently. My photography style is authentic, creative, and cheese-free!","sameAs":["https:\/\/stevegerrard.com\/","https:\/\/www.facebook.com\/stevegerrardphotography","https:\/\/www.instagram.com\/stevegerrard\/","https:\/\/www.linkedin.com\/in\/stevegerrardphotography\/","https:\/\/x.com\/stevegerrard","https:\/\/www.youtube.com\/c\/SteveGerrardPhotography"]}]}},"_links":{"self":[{"href":"https:\/\/stevegerrard.com\/fr\/wp-json\/wp\/v2\/pages\/67896","targetHints":{"allow":["GET"]}}],"collection":[{"href":"https:\/\/stevegerrard.com\/fr\/wp-json\/wp\/v2\/pages"}],"about":[{"href":"https:\/\/stevegerrard.com\/fr\/wp-json\/wp\/v2\/types\/page"}],"author":[{"embeddable":true,"href":"https:\/\/stevegerrard.com\/fr\/wp-json\/wp\/v2\/users\/3"}],"replies":[{"embeddable":true,"href":"https:\/\/stevegerrard.com\/fr\/wp-json\/wp\/v2\/comments?post=67896"}],"version-history":[{"count":4,"href":"https:\/\/stevegerrard.com\/fr\/wp-json\/wp\/v2\/pages\/67896\/revisions"}],"predecessor-version":[{"id":73535,"href":"https:\/\/stevegerrard.com\/fr\/wp-json\/wp\/v2\/pages\/67896\/revisions\/73535"}],"wp:featuredmedia":[{"embeddable":true,"href":"https:\/\/stevegerrard.com\/fr\/wp-json\/wp\/v2\/media\/55536"}],"wp:attachment":[{"href":"https:\/\/stevegerrard.com\/fr\/wp-json\/wp\/v2\/media?parent=67896"}],"curies":[{"name":"wp","href":"https:\/\/api.w.org\/{rel}","templated":true}]}}