{"id":69833,"date":"2017-04-17T15:51:22","date_gmt":"2017-04-17T19:51:22","guid":{"rendered":"https:\/\/stevegerrard.com\/formation\/"},"modified":"2024-02-21T10:39:19","modified_gmt":"2024-02-21T15:39:19","slug":"formation","status":"publish","type":"page","link":"https:\/\/stevegerrard.com\/fr\/formation\/","title":{"rendered":"FORMATION"},"content":{"rendered":"\t\t<div data-elementor-type=\"wp-page\" data-elementor-id=\"69833\" class=\"elementor elementor-69833 elementor-10\" data-elementor-post-type=\"page\">\n\t\t\t\t<div class=\"elementor-element elementor-element-70c3f35 e-flex e-con-boxed e-con e-parent\" data-id=\"70c3f35\" data-element_type=\"container\" data-e-type=\"container\" data-settings=\"{&quot;background_background&quot;:&quot;classic&quot;,&quot;position&quot;:&quot;fixed&quot;}\">\n\t\t\t\t\t<div class=\"e-con-inner\">\n\t\t<div class=\"elementor-element elementor-element-a3f815e e-con-full e-flex e-con e-child\" data-id=\"a3f815e\" data-element_type=\"container\" data-e-type=\"container\">\n\t\t\t\t<div class=\"elementor-element elementor-element-9538868 elementor-invisible elementor-widget elementor-widget-heading\" data-id=\"9538868\" data-element_type=\"widget\" data-e-type=\"widget\" data-settings=\"{&quot;_animation&quot;:&quot;fadeInUp&quot;}\" data-widget_type=\"heading.default\">\n\t\t\t\t<div class=\"elementor-widget-container\">\n\t\t\t\t\t<h1 class=\"elementor-heading-title elementor-size-default\">formation<\/h1>\t\t\t\t<\/div>\n\t\t\t\t<\/div>\n\t\t\t\t<\/div>\n\t\t\t\t\t<\/div>\n\t\t\t\t<\/div>\n\t\t<div class=\"elementor-element elementor-element-3adc7df e-flex e-con-boxed e-con e-parent\" data-id=\"3adc7df\" data-element_type=\"container\" data-e-type=\"container\" data-settings=\"{&quot;background_background&quot;:&quot;classic&quot;}\">\n\t\t\t\t\t<div class=\"e-con-inner\">\n\t\t<div class=\"elementor-element elementor-element-17c6715 e-con-full e-flex e-con e-child\" data-id=\"17c6715\" data-element_type=\"container\" data-e-type=\"container\">\n\t\t\t\t<div class=\"elementor-element elementor-element-861fab5 elementor-widget elementor-widget-heading\" data-id=\"861fab5\" data-element_type=\"widget\" data-e-type=\"widget\" data-widget_type=\"heading.default\">\n\t\t\t\t<div class=\"elementor-widget-container\">\n\t\t\t\t\t<h2 class=\"elementor-heading-title elementor-size-default\">sessions de formation<\/h2>\t\t\t\t<\/div>\n\t\t\t\t<\/div>\n\t\t\t\t<\/div>\n\t\t<div class=\"elementor-element elementor-element-3f5a62d e-con-full e-flex e-con e-child\" data-id=\"3f5a62d\" data-element_type=\"container\" data-e-type=\"container\">\n\t\t\t\t<div class=\"elementor-element elementor-element-2957738 elementor-widget elementor-widget-text-editor\" data-id=\"2957738\" data-element_type=\"widget\" data-e-type=\"widget\" data-widget_type=\"text-editor.default\">\n\t\t\t\t<div class=\"elementor-widget-container\">\n\t\t\t\t\t\t\t\t\t<p>Que vous soyez un d\u00e9butant absolu ou un photographe exp\u00e9riment\u00e9 cherchant \u00e0 faire passer votre photographie ou votre entreprise au niveau sup\u00e9rieur, je suis disponible pour des formations et du mentorat qui peuvent \u00eatre con\u00e7us sp\u00e9cifiquement pour r\u00e9pondre \u00e0 vos besoins.<\/p>\n<p>Vous voudrez peut-\u00eatre photographier de meilleurs mariages ou d\u00e9couvrir comment photographier votre groupe pr\u00e9f\u00e9r\u00e9. Vous avez peut-\u00eatre besoin d&rsquo;aide en mati\u00e8re de r\u00e9f\u00e9rencement, de marketing ou d&rsquo;am\u00e9lioration de vos images. Ou peut-\u00eatre souhaitez-vous simplement recevoir des critiques constructives et honn\u00eates sur vos photos ou votre site web&#8230;<\/p>\n<p>Je propose des <a href=\"https:\/\/stevegerrard.com\/workshop_post\/skype-mentoring\/\">sessions Skype\/Zoom\/FaceTime<\/a> (factur\u00e9es \u00e0 l&rsquo;heure) ou des <a href=\"https:\/\/stevegerrard.com\/?post_type=workshop_post&#038;p=19691\">ateliers individuels ou en petits groupes<\/a> en personne.<\/p>\n<p>Quoi qu&rsquo;il en soit, il vous suffit de nous contacter et nous pourrons prendre le temps de vous faire passer \u00e0 l&rsquo;\u00e9tape suivante de votre photographie.<\/p>\n\t\t\t\t\t\t\t\t<\/div>\n\t\t\t\t<\/div>\n\t\t\t\t<div class=\"elementor-element elementor-element-2ed7845 elementor-mobile-align-justify elementor-tablet-align-left elementor-widget elementor-widget-button\" data-id=\"2ed7845\" data-element_type=\"widget\" data-e-type=\"widget\" data-widget_type=\"button.default\">\n\t\t\t\t<div class=\"elementor-widget-container\">\n\t\t\t\t\t\t\t\t\t<div class=\"elementor-button-wrapper\">\n\t\t\t\t\t<a class=\"elementor-button elementor-button-link elementor-size-md elementor-animation-grow\" href=\"#contact\">\n\t\t\t\t\t\t<span class=\"elementor-button-content-wrapper\">\n\t\t\t\t\t\t\t\t\t<span class=\"elementor-button-text\">Parlons-en ?<\/span>\n\t\t\t\t\t<\/span>\n\t\t\t\t\t<\/a>\n\t\t\t\t<\/div>\n\t\t\t\t\t\t\t\t<\/div>\n\t\t\t\t<\/div>\n\t\t\t\t<\/div>\n\t\t\t\t\t<\/div>\n\t\t\t\t<\/div>\n\t\t<div class=\"elementor-element elementor-element-38e0496 e-con-full e-flex e-con e-parent\" data-id=\"38e0496\" data-element_type=\"container\" data-e-type=\"container\" data-settings=\"{&quot;background_background&quot;:&quot;classic&quot;}\">\n\t\t\t\t<div class=\"elementor-element elementor-element-5229a4a elementor-widget elementor-widget-gallery\" data-id=\"5229a4a\" data-element_type=\"widget\" data-e-type=\"widget\" data-settings=\"{&quot;aspect_ratio&quot;:&quot;9:16&quot;,&quot;columns_tablet&quot;:4,&quot;columns_mobile&quot;:2,&quot;lazyload&quot;:&quot;yes&quot;,&quot;gallery_layout&quot;:&quot;grid&quot;,&quot;columns&quot;:4,&quot;gap&quot;:{&quot;unit&quot;:&quot;px&quot;,&quot;size&quot;:10,&quot;sizes&quot;:[]},&quot;gap_tablet&quot;:{&quot;unit&quot;:&quot;px&quot;,&quot;size&quot;:10,&quot;sizes&quot;:[]},&quot;gap_mobile&quot;:{&quot;unit&quot;:&quot;px&quot;,&quot;size&quot;:10,&quot;sizes&quot;:[]},&quot;link_to&quot;:&quot;file&quot;,&quot;content_hover_animation&quot;:&quot;fade-in&quot;}\" data-widget_type=\"gallery.default\">\n\t\t\t\t<div class=\"elementor-widget-container\">\n\t\t\t\t\t\t\t<div class=\"elementor-gallery__container\">\n\t\t\t\t\t\t\t<a class=\"e-gallery-item elementor-gallery-item elementor-animated-content\" href=\"https:\/\/stevegerrard.com\/wp-content\/uploads\/2023\/12\/Steve-Gerrard-Music-Photography-104.jpg\" data-elementor-open-lightbox=\"yes\" data-elementor-lightbox-slideshow=\"5229a4a\" data-e-action-hash=\"#elementor-action%3Aaction%3Dlightbox%26settings%3DeyJpZCI6NzE1ODksInVybCI6Imh0dHBzOlwvXC9zdGV2ZWdlcnJhcmQuY29tXC93cC1jb250ZW50XC91cGxvYWRzXC8yMDIzXC8xMlwvU3RldmUtR2VycmFyZC1NdXNpYy1QaG90b2dyYXBoeS0xMDQuanBnIiwic2xpZGVzaG93IjoiNTIyOWE0YSJ9\">\n\t\t\t\t\t<div class=\"e-gallery-image elementor-gallery-item__image\" data-thumbnail=\"https:\/\/stevegerrard.com\/wp-content\/uploads\/2023\/12\/Steve-Gerrard-Music-Photography-104-1536x1024.jpg\" data-width=\"1536\" data-height=\"1024\" aria-label=\"A bass players shoe\" role=\"img\" ><\/div>\n\t\t\t\t\t\t\t\t\t\t\t\t\t\t<\/a>\n\t\t\t\t\t\t\t<a class=\"e-gallery-item elementor-gallery-item elementor-animated-content\" href=\"https:\/\/stevegerrard.com\/wp-content\/uploads\/2023\/12\/Steve-Gerrard-Couples-Photography-Montreal-1.jpg\" data-elementor-open-lightbox=\"yes\" data-elementor-lightbox-slideshow=\"5229a4a\" data-e-action-hash=\"#elementor-action%3Aaction%3Dlightbox%26settings%3DeyJpZCI6NzE0MjAsInVybCI6Imh0dHBzOlwvXC9zdGV2ZWdlcnJhcmQuY29tXC93cC1jb250ZW50XC91cGxvYWRzXC8yMDIzXC8xMlwvU3RldmUtR2VycmFyZC1Db3VwbGVzLVBob3RvZ3JhcGh5LU1vbnRyZWFsLTEuanBnIiwic2xpZGVzaG93IjoiNTIyOWE0YSJ9\">\n\t\t\t\t\t<div class=\"e-gallery-image elementor-gallery-item__image\" data-thumbnail=\"https:\/\/stevegerrard.com\/wp-content\/uploads\/2023\/12\/Steve-Gerrard-Couples-Photography-Montreal-1-1536x857.jpg\" data-width=\"1536\" data-height=\"857\" aria-label=\"A couple walking through a field at golden hour.\" role=\"img\" ><\/div>\n\t\t\t\t\t\t\t\t\t\t\t\t\t\t<\/a>\n\t\t\t\t\t\t\t<a class=\"e-gallery-item elementor-gallery-item elementor-animated-content\" href=\"https:\/\/stevegerrard.com\/wp-content\/uploads\/2023\/12\/Steve-Gerrard-Wedding-Photography-54.jpg\" data-elementor-open-lightbox=\"yes\" data-elementor-lightbox-slideshow=\"5229a4a\" data-e-action-hash=\"#elementor-action%3Aaction%3Dlightbox%26settings%3DeyJpZCI6NzA5NDUsInVybCI6Imh0dHBzOlwvXC9zdGV2ZWdlcnJhcmQuY29tXC93cC1jb250ZW50XC91cGxvYWRzXC8yMDIzXC8xMlwvU3RldmUtR2VycmFyZC1XZWRkaW5nLVBob3RvZ3JhcGh5LTU0LmpwZyIsInNsaWRlc2hvdyI6IjUyMjlhNGEifQ%3D%3D\">\n\t\t\t\t\t<div class=\"e-gallery-image elementor-gallery-item__image\" data-thumbnail=\"https:\/\/stevegerrard.com\/wp-content\/uploads\/2023\/12\/Steve-Gerrard-Wedding-Photography-54-1536x1024.jpg\" data-width=\"1536\" data-height=\"1024\" aria-label=\"Luxury wedding photography.\" role=\"img\" ><\/div>\n\t\t\t\t\t\t\t\t\t\t\t\t\t\t<\/a>\n\t\t\t\t\t<\/div>\n\t\t\t\t\t<\/div>\n\t\t\t\t<\/div>\n\t\t\t\t<\/div>\n\t\t<div class=\"elementor-element elementor-element-9883176 e-flex e-con-boxed e-con e-parent\" data-id=\"9883176\" data-element_type=\"container\" data-e-type=\"container\" data-settings=\"{&quot;background_background&quot;:&quot;classic&quot;}\">\n\t\t\t\t\t<div class=\"e-con-inner\">\n\t\t<div class=\"elementor-element elementor-element-99fa8d7 e-con-full e-flex e-con e-child\" data-id=\"99fa8d7\" data-element_type=\"container\" data-e-type=\"container\">\n\t\t\t\t<div class=\"elementor-element elementor-element-9db90f3 elementor-widget elementor-widget-heading\" data-id=\"9db90f3\" data-element_type=\"widget\" data-e-type=\"widget\" data-widget_type=\"heading.default\">\n\t\t\t\t<div class=\"elementor-widget-container\">\n\t\t\t\t\t<h2 class=\"elementor-heading-title elementor-size-default\">zoom MENTORING<\/h2>\t\t\t\t<\/div>\n\t\t\t\t<\/div>\n\t\t\t\t<\/div>\n\t\t<div class=\"elementor-element elementor-element-7b9ca0f e-con-full e-flex e-con e-child\" data-id=\"7b9ca0f\" data-element_type=\"container\" data-e-type=\"container\">\n\t\t\t\t<div class=\"elementor-element elementor-element-4afccf5 elementor-widget elementor-widget-text-editor\" data-id=\"4afccf5\" data-element_type=\"widget\" data-e-type=\"widget\" data-widget_type=\"text-editor.default\">\n\t\t\t\t<div class=\"elementor-widget-container\">\n\t\t\t\t\t\t\t\t\t<p>Vous ne pouvez peut-\u00eatre pas assister aux ateliers que j&rsquo;organise en personne. Peut-\u00eatre n&rsquo;avez-vous besoin que d&rsquo;une heure ou deux pour apprendre quelque chose de sp\u00e9cifique ou pour obtenir des conseils ou un retour d&rsquo;information.<\/p>\n<p>Dans ce cas, ces sessions Skype en ligne seront probablement parfaites pour vous.<\/p>\n<p>Nous pouvons aborder tous les sujets que vous souhaitez, des conseils sur l&rsquo;appareil photo pour les d\u00e9butants \u00e0 la cr\u00e9ation d&rsquo;une entreprise, en passant par la pose, le marketing, la photographie musicale, la post-production et tout ce qui peut vous aider \u00e0 progresser en tant que photographe.<br \/><strong><br \/>Les sessions Skype co\u00fbtent seulement 80 $CA ou 50 \u00a3 par heure.<\/strong><\/p>\n<p>Vous pouvez r\u00e9server une heure ou plusieurs heures ensemble.<\/p>\n\t\t\t\t\t\t\t\t<\/div>\n\t\t\t\t<\/div>\n\t\t\t\t<div class=\"elementor-element elementor-element-6e588b1 elementor-mobile-align-justify elementor-tablet-align-left elementor-widget elementor-widget-button\" data-id=\"6e588b1\" data-element_type=\"widget\" data-e-type=\"widget\" data-widget_type=\"button.default\">\n\t\t\t\t<div class=\"elementor-widget-container\">\n\t\t\t\t\t\t\t\t\t<div class=\"elementor-button-wrapper\">\n\t\t\t\t\t<a class=\"elementor-button elementor-button-link elementor-size-md elementor-animation-grow\" href=\"#contact\">\n\t\t\t\t\t\t<span class=\"elementor-button-content-wrapper\">\n\t\t\t\t\t\t\t\t\t<span class=\"elementor-button-text\">Parlons-en ?<\/span>\n\t\t\t\t\t<\/span>\n\t\t\t\t\t<\/a>\n\t\t\t\t<\/div>\n\t\t\t\t\t\t\t\t<\/div>\n\t\t\t\t<\/div>\n\t\t\t\t<\/div>\n\t\t\t\t\t<\/div>\n\t\t\t\t<\/div>\n\t\t<div class=\"elementor-element elementor-element-e6bd95e e-flex e-con-boxed e-con e-child\" data-id=\"e6bd95e\" data-element_type=\"container\" data-e-type=\"container\" data-settings=\"{&quot;background_background&quot;:&quot;classic&quot;}\">\n\t\t\t\t\t<div class=\"e-con-inner\">\n\t\t\t\t<div class=\"elementor-element elementor-element-4a7171d elementor-view-default elementor-widget elementor-widget-icon\" data-id=\"4a7171d\" data-element_type=\"widget\" data-e-type=\"widget\" data-widget_type=\"icon.default\">\n\t\t\t\t<div class=\"elementor-widget-container\">\n\t\t\t\t\t\t\t<div class=\"elementor-icon-wrapper\">\n\t\t\t<div class=\"elementor-icon\">\n\t\t\t<svg xmlns=\"http:\/\/www.w3.org\/2000\/svg\" xmlns:xlink=\"http:\/\/www.w3.org\/1999\/xlink\" id=\"Layer_1\" x=\"0px\" y=\"0px\" viewBox=\"0 0 12.3 15.3\" style=\"enable-background:new 0 0 12.3 15.3;\" xml:space=\"preserve\"><g>\t<path d=\"M0.3,5.4h2.1c0,0.4,0,0.9-0.1,1.3c-0.1,0.5-0.2,1-0.4,1.4C1.7,8.6,1.4,9,1.1,9.4C0.8,9.7,0.4,10,0,10.1v2.2  c0.7-0.2,1.4-0.5,2-1c0.6-0.5,1-1,1.4-1.6C3.8,9,4,8.3,4.2,7.6c0.2-0.7,0.3-1.5,0.3-2.2V0H0.3V5.4z\"><\/path>\t<path d=\"M8,0v5.4h2.1c0,0.4,0,0.9-0.1,1.3c-0.1,0.5-0.2,1-0.4,1.4C9.5,8.6,9.2,9,8.9,9.4C8.6,9.7,8.2,10,7.8,10.1v2.2  c0.7-0.2,1.4-0.5,2-1c0.6-0.5,1-1,1.4-1.6c0.4-0.6,0.7-1.3,0.8-2c0.2-0.7,0.3-1.5,0.3-2.2V0H8z\"><\/path><\/g><\/svg>\t\t\t<\/div>\n\t\t<\/div>\n\t\t\t\t\t\t<\/div>\n\t\t\t\t<\/div>\n\t\t\t\t<div class=\"elementor-element elementor-element-be80542 elementor-blockquote--skin-border elementor-widget elementor-widget-blockquote\" data-id=\"be80542\" data-element_type=\"widget\" data-e-type=\"widget\" data-widget_type=\"blockquote.default\">\n\t\t\t\t<div class=\"elementor-widget-container\">\n\t\t\t\t\t\t\t<blockquote class=\"elementor-blockquote\">\n\t\t\t<p class=\"elementor-blockquote__content\">\n\t\t\t\tVous m'avez appris plus de choses en un jour que je n'en ai appris en trois ans d'universit\u00e9 !\n\t\t\t<\/p>\n\t\t\t\t\t\t\t<div class=\"e-q-footer\">\n\t\t\t\t\t\t\t\t\t\t\t<cite class=\"elementor-blockquote__author\">Elle Cole<\/cite>\n\t\t\t\t\t\t\t\t\t\t\t\t\t\t<\/div>\n\t\t\t\t\t<\/blockquote>\n\t\t\t\t\t\t<\/div>\n\t\t\t\t<\/div>\n\t\t\t\t\t<\/div>\n\t\t\t\t<\/div>\n\t\t\t\t<\/div>\n\t\t","protected":false},"excerpt":{"rendered":"<p>formation sessions de formation Que vous soyez un d\u00e9butant absolu ou un photographe exp\u00e9riment\u00e9 cherchant \u00e0 faire passer votre photographie ou votre entreprise au niveau sup\u00e9rieur, je suis disponible pour des formations et du mentorat qui peuvent \u00eatre con\u00e7us sp\u00e9cifiquement pour r\u00e9pondre \u00e0 vos besoins. Vous voudrez peut-\u00eatre photographier de meilleurs mariages ou d\u00e9couvrir comment [&hellip;]<\/p>\n","protected":false},"author":3,"featured_media":0,"parent":0,"menu_order":0,"comment_status":"closed","ping_status":"open","template":"elementor_header_footer","meta":{"_acf_changed":false,"footnotes":""},"class_list":["post-69833","page","type-page","status-publish","hentry"],"acf":[],"yoast_head":"<!-- This site is optimized with the Yoast SEO Premium plugin v27.4 (Yoast SEO v27.5) - https:\/\/yoast.com\/product\/yoast-seo-premium-wordpress\/ -->\n<title>Formation pour les photographes - Steve Gerrard Photography<\/title>\n<meta name=\"description\" content=\"Que vous soyez un photographe d\u00e9butant ou exp\u00e9riment\u00e9 souhaitant faire progresser votre entreprise, je suis disponible pour des formations via Zoom ou en personne.\" \/>\n<meta name=\"robots\" content=\"index, follow, max-snippet:-1, max-image-preview:large, max-video-preview:-1\" \/>\n<link rel=\"canonical\" href=\"https:\/\/stevegerrard.com\/fr\/formation\/\" \/>\n<meta property=\"og:locale\" content=\"fr_FR\" \/>\n<meta property=\"og:type\" content=\"article\" \/>\n<meta property=\"og:title\" content=\"FORMATION\" \/>\n<meta property=\"og:description\" content=\"Que vous soyez un photographe d\u00e9butant ou exp\u00e9riment\u00e9 souhaitant faire progresser votre entreprise, je suis disponible pour des formations via Zoom ou en personne.\" \/>\n<meta property=\"og:url\" content=\"https:\/\/stevegerrard.com\/fr\/formation\/\" \/>\n<meta property=\"og:site_name\" content=\"Steve Gerrard Photography\" \/>\n<meta property=\"article:publisher\" content=\"https:\/\/www.facebook.com\/stevegerrardphotography\" \/>\n<meta property=\"article:modified_time\" content=\"2024-02-21T15:39:19+00:00\" \/>\n<meta name=\"twitter:card\" content=\"summary_large_image\" \/>\n<meta name=\"twitter:site\" content=\"@stevegerrard\" \/>\n<meta name=\"twitter:label1\" content=\"Dur\u00e9e de lecture estim\u00e9e\" \/>\n\t<meta name=\"twitter:data1\" content=\"1 minute\" \/>\n<script type=\"application\/ld+json\" class=\"yoast-schema-graph\">{\"@context\":\"https:\\\/\\\/schema.org\",\"@graph\":[{\"@type\":\"WebPage\",\"@id\":\"https:\\\/\\\/stevegerrard.com\\\/fr\\\/formation\\\/\",\"url\":\"https:\\\/\\\/stevegerrard.com\\\/fr\\\/formation\\\/\",\"name\":\"Formation pour les photographes - Steve Gerrard Photography\",\"isPartOf\":{\"@id\":\"https:\\\/\\\/stevegerrard.com\\\/fr\\\/#website\"},\"datePublished\":\"2017-04-17T19:51:22+00:00\",\"dateModified\":\"2024-02-21T15:39:19+00:00\",\"description\":\"Que vous soyez un photographe d\u00e9butant ou exp\u00e9riment\u00e9 souhaitant faire progresser votre entreprise, je suis disponible pour des formations via Zoom ou en personne.\",\"breadcrumb\":{\"@id\":\"https:\\\/\\\/stevegerrard.com\\\/fr\\\/formation\\\/#breadcrumb\"},\"inLanguage\":\"fr-FR\",\"potentialAction\":[{\"@type\":\"ReadAction\",\"target\":[\"https:\\\/\\\/stevegerrard.com\\\/fr\\\/formation\\\/\"]}]},{\"@type\":\"BreadcrumbList\",\"@id\":\"https:\\\/\\\/stevegerrard.com\\\/fr\\\/formation\\\/#breadcrumb\",\"itemListElement\":[{\"@type\":\"ListItem\",\"position\":1,\"name\":\"Home\",\"item\":\"https:\\\/\\\/stevegerrard.com\\\/fr\\\/\"},{\"@type\":\"ListItem\",\"position\":2,\"name\":\"FORMATION\"}]},{\"@type\":\"WebSite\",\"@id\":\"https:\\\/\\\/stevegerrard.com\\\/fr\\\/#website\",\"url\":\"https:\\\/\\\/stevegerrard.com\\\/fr\\\/\",\"name\":\"Steve Gerrard Photography\",\"description\":\"Wedding, portrait &amp; music photography\",\"publisher\":{\"@id\":\"https:\\\/\\\/stevegerrard.com\\\/fr\\\/#\\\/schema\\\/person\\\/b0486803327c43f1437d11a2c2998eb6\"},\"potentialAction\":[{\"@type\":\"SearchAction\",\"target\":{\"@type\":\"EntryPoint\",\"urlTemplate\":\"https:\\\/\\\/stevegerrard.com\\\/fr\\\/?s={search_term_string}\"},\"query-input\":{\"@type\":\"PropertyValueSpecification\",\"valueRequired\":true,\"valueName\":\"search_term_string\"}}],\"inLanguage\":\"fr-FR\"},{\"@type\":[\"Person\",\"Organization\"],\"@id\":\"https:\\\/\\\/stevegerrard.com\\\/fr\\\/#\\\/schema\\\/person\\\/b0486803327c43f1437d11a2c2998eb6\",\"name\":\"Steve Gerrard\",\"image\":{\"@type\":\"ImageObject\",\"inLanguage\":\"fr-FR\",\"@id\":\"https:\\\/\\\/stevegerrard.com\\\/wp-content\\\/uploads\\\/2022\\\/01\\\/HiResLogo-square.jpg\",\"url\":\"https:\\\/\\\/stevegerrard.com\\\/wp-content\\\/uploads\\\/2022\\\/01\\\/HiResLogo-square.jpg\",\"contentUrl\":\"https:\\\/\\\/stevegerrard.com\\\/wp-content\\\/uploads\\\/2022\\\/01\\\/HiResLogo-square.jpg\",\"width\":1142,\"height\":1143,\"caption\":\"Steve Gerrard\"},\"logo\":{\"@id\":\"https:\\\/\\\/stevegerrard.com\\\/wp-content\\\/uploads\\\/2022\\\/01\\\/HiResLogo-square.jpg\"},\"description\":\"?? Wedding + Portrait Photographer ? ???. ???????. ????? ??????.\u2063 I photograph portraits, bands &amp; cool weddings\",\"sameAs\":[\"https:\\\/\\\/stevegerrard.com\\\/\",\"https:\\\/\\\/www.facebook.com\\\/stevegerrardphotography\",\"https:\\\/\\\/www.instagram.com\\\/stevegerrard\\\/\",\"https:\\\/\\\/www.linkedin.com\\\/in\\\/stevegerrardphotography\\\/\",\"https:\\\/\\\/x.com\\\/stevegerrard\",\"https:\\\/\\\/www.youtube.com\\\/c\\\/SteveGerrardPhotography\"]}]}<\/script>\n<!-- \/ Yoast SEO Premium plugin. -->","yoast_head_json":{"title":"Formation pour les photographes - Steve Gerrard Photography","description":"Que vous soyez un photographe d\u00e9butant ou exp\u00e9riment\u00e9 souhaitant faire progresser votre entreprise, je suis disponible pour des formations via Zoom ou en personne.","robots":{"index":"index","follow":"follow","max-snippet":"max-snippet:-1","max-image-preview":"max-image-preview:large","max-video-preview":"max-video-preview:-1"},"canonical":"https:\/\/stevegerrard.com\/fr\/formation\/","og_locale":"fr_FR","og_type":"article","og_title":"FORMATION","og_description":"Que vous soyez un photographe d\u00e9butant ou exp\u00e9riment\u00e9 souhaitant faire progresser votre entreprise, je suis disponible pour des formations via Zoom ou en personne.","og_url":"https:\/\/stevegerrard.com\/fr\/formation\/","og_site_name":"Steve Gerrard Photography","article_publisher":"https:\/\/www.facebook.com\/stevegerrardphotography","article_modified_time":"2024-02-21T15:39:19+00:00","twitter_card":"summary_large_image","twitter_site":"@stevegerrard","twitter_misc":{"Dur\u00e9e de lecture estim\u00e9e":"1 minute"},"schema":{"@context":"https:\/\/schema.org","@graph":[{"@type":"WebPage","@id":"https:\/\/stevegerrard.com\/fr\/formation\/","url":"https:\/\/stevegerrard.com\/fr\/formation\/","name":"Formation pour les photographes - Steve Gerrard Photography","isPartOf":{"@id":"https:\/\/stevegerrard.com\/fr\/#website"},"datePublished":"2017-04-17T19:51:22+00:00","dateModified":"2024-02-21T15:39:19+00:00","description":"Que vous soyez un photographe d\u00e9butant ou exp\u00e9riment\u00e9 souhaitant faire progresser votre entreprise, je suis disponible pour des formations via Zoom ou en personne.","breadcrumb":{"@id":"https:\/\/stevegerrard.com\/fr\/formation\/#breadcrumb"},"inLanguage":"fr-FR","potentialAction":[{"@type":"ReadAction","target":["https:\/\/stevegerrard.com\/fr\/formation\/"]}]},{"@type":"BreadcrumbList","@id":"https:\/\/stevegerrard.com\/fr\/formation\/#breadcrumb","itemListElement":[{"@type":"ListItem","position":1,"name":"Home","item":"https:\/\/stevegerrard.com\/fr\/"},{"@type":"ListItem","position":2,"name":"FORMATION"}]},{"@type":"WebSite","@id":"https:\/\/stevegerrard.com\/fr\/#website","url":"https:\/\/stevegerrard.com\/fr\/","name":"Steve Gerrard Photography","description":"Wedding, portrait &amp; music photography","publisher":{"@id":"https:\/\/stevegerrard.com\/fr\/#\/schema\/person\/b0486803327c43f1437d11a2c2998eb6"},"potentialAction":[{"@type":"SearchAction","target":{"@type":"EntryPoint","urlTemplate":"https:\/\/stevegerrard.com\/fr\/?s={search_term_string}"},"query-input":{"@type":"PropertyValueSpecification","valueRequired":true,"valueName":"search_term_string"}}],"inLanguage":"fr-FR"},{"@type":["Person","Organization"],"@id":"https:\/\/stevegerrard.com\/fr\/#\/schema\/person\/b0486803327c43f1437d11a2c2998eb6","name":"Steve Gerrard","image":{"@type":"ImageObject","inLanguage":"fr-FR","@id":"https:\/\/stevegerrard.com\/wp-content\/uploads\/2022\/01\/HiResLogo-square.jpg","url":"https:\/\/stevegerrard.com\/wp-content\/uploads\/2022\/01\/HiResLogo-square.jpg","contentUrl":"https:\/\/stevegerrard.com\/wp-content\/uploads\/2022\/01\/HiResLogo-square.jpg","width":1142,"height":1143,"caption":"Steve Gerrard"},"logo":{"@id":"https:\/\/stevegerrard.com\/wp-content\/uploads\/2022\/01\/HiResLogo-square.jpg"},"description":"?? Wedding + Portrait Photographer ? ???. ???????. ????? ??????.\u2063 I photograph portraits, bands &amp; cool weddings","sameAs":["https:\/\/stevegerrard.com\/","https:\/\/www.facebook.com\/stevegerrardphotography","https:\/\/www.instagram.com\/stevegerrard\/","https:\/\/www.linkedin.com\/in\/stevegerrardphotography\/","https:\/\/x.com\/stevegerrard","https:\/\/www.youtube.com\/c\/SteveGerrardPhotography"]}]}},"_links":{"self":[{"href":"https:\/\/stevegerrard.com\/fr\/wp-json\/wp\/v2\/pages\/69833","targetHints":{"allow":["GET"]}}],"collection":[{"href":"https:\/\/stevegerrard.com\/fr\/wp-json\/wp\/v2\/pages"}],"about":[{"href":"https:\/\/stevegerrard.com\/fr\/wp-json\/wp\/v2\/types\/page"}],"author":[{"embeddable":true,"href":"https:\/\/stevegerrard.com\/fr\/wp-json\/wp\/v2\/users\/3"}],"replies":[{"embeddable":true,"href":"https:\/\/stevegerrard.com\/fr\/wp-json\/wp\/v2\/comments?post=69833"}],"version-history":[{"count":13,"href":"https:\/\/stevegerrard.com\/fr\/wp-json\/wp\/v2\/pages\/69833\/revisions"}],"predecessor-version":[{"id":73524,"href":"https:\/\/stevegerrard.com\/fr\/wp-json\/wp\/v2\/pages\/69833\/revisions\/73524"}],"wp:attachment":[{"href":"https:\/\/stevegerrard.com\/fr\/wp-json\/wp\/v2\/media?parent=69833"}],"curies":[{"name":"wp","href":"https:\/\/api.w.org\/{rel}","templated":true}]}}