{"id":69845,"date":"2013-06-17T15:51:49","date_gmt":"2013-06-17T19:51:49","guid":{"rendered":"https:\/\/stevegerrard.com\/contact\/"},"modified":"2023-08-09T13:45:56","modified_gmt":"2023-08-09T17:45:56","slug":"contact","status":"publish","type":"page","link":"https:\/\/stevegerrard.com\/fr\/contact\/","title":{"rendered":"Contact"},"content":{"rendered":"<p>[vc_row][vc_column width=\u00a0\u00bb1\/2&Prime;][vc_column_text]<\/p>\n<h2 class=\"flo-block-image-block-1__title\"><span style=\"color: #e44326;\">Contactez-nous!<\/span><\/h2>\n<p>C\u2019est l\u00e0 que la magie op\u00e8re. Connectons-nous et lan\u00e7ons le processus, r\u00e9pondons \u00e0 toutes vos questions et organisez peut-\u00eatre une conversation appropri\u00e9e.<\/p>\n<p><em>Allons-y!<\/em><\/p>\n<p><strong><span style=\"color: #e44326;\">Courriel<\/span> &#8211; <\/strong><a href=\"mailto:steve@stevegerrard.com\"><br \/>\n<strong>steve@stevegerrard.com<\/strong><br \/>\n<\/a><\/p>\n<p>Montr\u00e9al, Canada \/\/ Royaume-Uni \/\/ International<\/p>\n<p>1563, rue Leduc<br \/>\n<span style=\"font-size: inherit;\">St-Lazare<br \/>\n<\/span><span style=\"font-size: inherit;\">J7T 2H5<br \/>\n<\/span><span style=\"font-size: inherit;\">Canada<\/span><\/p>\n<h4><span style=\"color: #e44326;\">T\u00e9l\u00e9phone:<\/span><\/h4>\n<p><strong>Canada\/\u00c9tats-Unis :<\/strong> <a href=\"tel:0015146023583\">+1 514 602 3583<\/a><\/p>\n<p><strong>Royaume-Uni\/Europe :<\/strong> <a href=\"tel:004407977446362\">+44 (0)7977 446362<\/a><\/p>\n<h4><span style=\"color: #e44326;\">Devenez social<\/span><\/h4>\n<div class=\"contact-social-navigation\">\n<ul class=\"contact-social-nav-wrapper\">\n<li><a href=\"http:\/\/instagram.com\/stevegerrard\"><img decoding=\"async\" src=\"https:\/\/stevegerrard.com\/wp-content\/sprites\/instagram.png\" alt=\"Ic\u00f4ne Instagram\"><\/a><\/li>\n<li><a href=\"http:\/\/twitter.com\/stevegerrard\"><img decoding=\"async\" src=\"https:\/\/stevegerrard.com\/wp-content\/sprites\/twitter.png\" alt=\"Ic\u00f4ne Twitter Petit\"><\/a><\/li>\n<li><a href=\"http:\/\/www.facebook.com\/stevegerrardphotography\"><img decoding=\"async\" src=\"https:\/\/stevegerrard.com\/wp-content\/sprites\/facebook.png\" alt=\"Ic\u00f4ne Facebook\"><\/a><\/li>\n<li><a href=\"http:\/\/pinterest.com\/stevegerrard\/\"><img decoding=\"async\" src=\"https:\/\/stevegerrard.com\/wp-content\/sprites\/pinterest.png\" alt=\"Ic\u00f4ne Pinterest\"><\/a><\/li>\n<\/ul>\n<\/div>\n<p>[\/vc_column_text][\/vc_column][vc_column width=\u00a0\u00bb1\/2&Prime;][vc_column_text]<\/p>\n<p>[\/vc_column_text][\/vc_column][\/vc_row][vc_row full_width=\u00a0\u00bbstretch_row_content\u00a0\u00bb parallax=\u00a0\u00bbcontent-moving\u00a0\u00bb parallax_image=\u00a0\u00bb26485&Prime; parallax_speed_bg=\u00a0\u00bb3&Prime; bklyn_overlay=\u00a0\u00bbtrue\u00a0\u00bb bklyn_overlay_pattern=\u00a0\u00bbtrue\u00a0\u00bb bklyn_overlay_color=\u00a0\u00bbrgba(0,0,0,0.44)\u00a0\u00bb][vc_column][vc_column_text]<\/p>\n<h2 style=\"text-align: center; color: #fff; padding-top: 100px;\">\u00ab&nbsp;La date de sortie n\u2019est qu\u2019un jour, mais le disque est \u00e9ternel&nbsp;\u00bb<\/h2>\n<h4 style=\"text-align: center; color: #fff; padding-bottom: 100px;\">&#8211; Bruce Springsteen<\/h4>\n<p>[\/vc_column_text][\/vc_column][\/vc_row][vc_row full_width=\u00a0\u00bbstretch_row_content\u00a0\u00bb css=\u00a0\u00bb.vc_custom_1488880951637{background-color: #f1f1f1 !important;}\u00a0\u00bb][vc_column][vc_column_text]<iframe style=\"border: 0;\" src=\"https:\/\/www.google.com\/maps\/embed?pb=!1m18!1m12!1m3!1d2801.317421011325!2d-74.15471638421778!3d45.40293834554984!2m3!1f0!2f0!3f0!3m2!1i1024!2i768!4f13.1!3m3!1m2!1s0x4cc94a837670fa19%3A0x2fe0d887f2dd857e!2s1563+Rue+Leduc%2C+Saint-Lazare%2C+QC+J7T+2H5%2C+Canada!5e0!3m2!1sen!2suk!4v1445357694126\" width=\"100%\" height=\"480\" frameborder=\"0\" marginheight=\"0\" scrolling=\"no\" allowfullscreen=\"allowfullscreen\"><\/iframe><\/p>\n<p><small><a style=\"text-align: left;\" href=\"https:\/\/www.google.co.uk\/maps\/place\/1563+Rue+Leduc,+Saint-Lazare,+QC+J7T+2H5,+Canada\/@45.4029383,-74.1547164,17z\/data=!3m1!4b1!4m2!3m1!1s0x4cc94a837670fa19:0x2fe0d887f2dd857e?hl=en\" target=\"_blank\" rel=\"noopener noreferrer\">Agrandir la carte<\/a><\/small>[\/vc_column_text][\/vc_column][\/vc_row]<\/p>\n","protected":false},"excerpt":{"rendered":"<p>[vc_row][vc_column width=\u00a0\u00bb1\/2&Prime;][vc_column_text] Contactez-nous! C\u2019est l\u00e0 que la magie op\u00e8re. Connectons-nous et lan\u00e7ons le processus, r\u00e9pondons \u00e0 toutes vos questions et organisez peut-\u00eatre une conversation appropri\u00e9e. Allons-y! Courriel &#8211; steve@stevegerrard.com Montr\u00e9al, Canada \/\/ Royaume-Uni \/\/ International 1563, rue Leduc St-Lazare J7T 2H5 Canada T\u00e9l\u00e9phone: Canada\/\u00c9tats-Unis : +1 514 602 3583 Royaume-Uni\/Europe : +44 (0)7977 446362 Devenez [&hellip;]<\/p>\n","protected":false},"author":3,"featured_media":51146,"parent":0,"menu_order":0,"comment_status":"closed","ping_status":"open","template":"","meta":{"_acf_changed":false,"footnotes":""},"class_list":["post-69845","page","type-page","status-publish","has-post-thumbnail","hentry"],"acf":[],"yoast_head":"<!-- This site is optimized with the Yoast SEO Premium plugin v27.4 (Yoast SEO v27.6) - https:\/\/yoast.com\/product\/yoast-seo-premium-wordpress\/ -->\n<title>Contact - Steve Gerrard Photography<\/title>\n<meta name=\"robots\" content=\"index, follow, max-snippet:-1, max-image-preview:large, max-video-preview:-1\" \/>\n<link rel=\"canonical\" href=\"https:\/\/stevegerrard.com\/fr\/contact\/\" \/>\n<meta property=\"og:locale\" content=\"fr_FR\" \/>\n<meta property=\"og:type\" content=\"article\" \/>\n<meta property=\"og:title\" content=\"Contact\" \/>\n<meta property=\"og:description\" content=\"[vc_row][vc_column width=\u00a0\u00bb1\/2&Prime;][vc_column_text] Contactez-nous! C\u2019est l\u00e0 que la magie op\u00e8re. Connectons-nous et lan\u00e7ons le processus, r\u00e9pondons \u00e0 toutes vos questions et organisez peut-\u00eatre une conversation appropri\u00e9e. Allons-y! Courriel &#8211; steve@stevegerrard.com Montr\u00e9al, Canada \/\/ Royaume-Uni \/\/ International 1563, rue Leduc St-Lazare J7T 2H5 Canada T\u00e9l\u00e9phone: Canada\/\u00c9tats-Unis : +1 514 602 3583 Royaume-Uni\/Europe : +44 (0)7977 446362 Devenez [&hellip;]\" \/>\n<meta property=\"og:url\" content=\"https:\/\/stevegerrard.com\/fr\/contact\/\" \/>\n<meta property=\"og:site_name\" content=\"Steve Gerrard Photography\" \/>\n<meta property=\"article:publisher\" content=\"https:\/\/www.facebook.com\/stevegerrardphotography\" \/>\n<meta property=\"article:modified_time\" content=\"2023-08-09T17:45:56+00:00\" \/>\n<meta property=\"og:image\" content=\"https:\/\/stevegerrard.com\/wp-content\/uploads\/2017\/03\/instagram.png\" \/>\n\t<meta property=\"og:image:width\" content=\"31\" \/>\n\t<meta property=\"og:image:height\" content=\"30\" \/>\n\t<meta property=\"og:image:type\" content=\"image\/png\" \/>\n<meta name=\"twitter:card\" content=\"summary_large_image\" \/>\n<meta name=\"twitter:site\" content=\"@stevegerrard\" \/>\n<meta name=\"twitter:label1\" content=\"Dur\u00e9e de lecture estim\u00e9e\" \/>\n\t<meta name=\"twitter:data1\" content=\"2 minutes\" \/>\n<script type=\"application\/ld+json\" class=\"yoast-schema-graph\">{\"@context\":\"https:\\\/\\\/schema.org\",\"@graph\":[{\"@type\":\"WebPage\",\"@id\":\"https:\\\/\\\/stevegerrard.com\\\/fr\\\/contact\\\/\",\"url\":\"https:\\\/\\\/stevegerrard.com\\\/fr\\\/contact\\\/\",\"name\":\"Contact - Steve Gerrard Photography\",\"isPartOf\":{\"@id\":\"https:\\\/\\\/stevegerrard.com\\\/fr\\\/#website\"},\"primaryImageOfPage\":{\"@id\":\"https:\\\/\\\/stevegerrard.com\\\/fr\\\/contact\\\/#primaryimage\"},\"image\":{\"@id\":\"https:\\\/\\\/stevegerrard.com\\\/fr\\\/contact\\\/#primaryimage\"},\"thumbnailUrl\":\"https:\\\/\\\/stevegerrard.com\\\/wp-content\\\/uploads\\\/2017\\\/03\\\/instagram.png\",\"datePublished\":\"2013-06-17T19:51:49+00:00\",\"dateModified\":\"2023-08-09T17:45:56+00:00\",\"breadcrumb\":{\"@id\":\"https:\\\/\\\/stevegerrard.com\\\/fr\\\/contact\\\/#breadcrumb\"},\"inLanguage\":\"fr-FR\",\"potentialAction\":[{\"@type\":\"ReadAction\",\"target\":[\"https:\\\/\\\/stevegerrard.com\\\/fr\\\/contact\\\/\"]}]},{\"@type\":\"ImageObject\",\"inLanguage\":\"fr-FR\",\"@id\":\"https:\\\/\\\/stevegerrard.com\\\/fr\\\/contact\\\/#primaryimage\",\"url\":\"https:\\\/\\\/stevegerrard.com\\\/wp-content\\\/uploads\\\/2017\\\/03\\\/instagram.png\",\"contentUrl\":\"https:\\\/\\\/stevegerrard.com\\\/wp-content\\\/uploads\\\/2017\\\/03\\\/instagram.png\",\"width\":31,\"height\":30},{\"@type\":\"BreadcrumbList\",\"@id\":\"https:\\\/\\\/stevegerrard.com\\\/fr\\\/contact\\\/#breadcrumb\",\"itemListElement\":[{\"@type\":\"ListItem\",\"position\":1,\"name\":\"Home\",\"item\":\"https:\\\/\\\/stevegerrard.com\\\/fr\\\/\"},{\"@type\":\"ListItem\",\"position\":2,\"name\":\"Contact\"}]},{\"@type\":\"WebSite\",\"@id\":\"https:\\\/\\\/stevegerrard.com\\\/fr\\\/#website\",\"url\":\"https:\\\/\\\/stevegerrard.com\\\/fr\\\/\",\"name\":\"Steve Gerrard Photography\",\"description\":\"Wedding, portrait &amp; music photography\",\"publisher\":{\"@id\":\"https:\\\/\\\/stevegerrard.com\\\/fr\\\/#\\\/schema\\\/person\\\/b0486803327c43f1437d11a2c2998eb6\"},\"potentialAction\":[{\"@type\":\"SearchAction\",\"target\":{\"@type\":\"EntryPoint\",\"urlTemplate\":\"https:\\\/\\\/stevegerrard.com\\\/fr\\\/?s={search_term_string}\"},\"query-input\":{\"@type\":\"PropertyValueSpecification\",\"valueRequired\":true,\"valueName\":\"search_term_string\"}}],\"inLanguage\":\"fr-FR\"},{\"@type\":[\"Person\",\"Organization\"],\"@id\":\"https:\\\/\\\/stevegerrard.com\\\/fr\\\/#\\\/schema\\\/person\\\/b0486803327c43f1437d11a2c2998eb6\",\"name\":\"Steve Gerrard\",\"image\":{\"@type\":\"ImageObject\",\"inLanguage\":\"fr-FR\",\"@id\":\"https:\\\/\\\/stevegerrard.com\\\/wp-content\\\/uploads\\\/2022\\\/01\\\/HiResLogo-square.jpg\",\"url\":\"https:\\\/\\\/stevegerrard.com\\\/wp-content\\\/uploads\\\/2022\\\/01\\\/HiResLogo-square.jpg\",\"contentUrl\":\"https:\\\/\\\/stevegerrard.com\\\/wp-content\\\/uploads\\\/2022\\\/01\\\/HiResLogo-square.jpg\",\"width\":1142,\"height\":1143,\"caption\":\"Steve Gerrard\"},\"logo\":{\"@id\":\"https:\\\/\\\/stevegerrard.com\\\/wp-content\\\/uploads\\\/2022\\\/01\\\/HiResLogo-square.jpg\"},\"description\":\"Hi, I\u2019m Steve &amp; I\u2019m a wedding, portrait &amp; music photographer. I do things a bit differently. My photography style is authentic, creative, and cheese-free!\",\"sameAs\":[\"https:\\\/\\\/stevegerrard.com\\\/\",\"https:\\\/\\\/www.facebook.com\\\/stevegerrardphotography\",\"https:\\\/\\\/www.instagram.com\\\/stevegerrard\\\/\",\"https:\\\/\\\/www.linkedin.com\\\/in\\\/stevegerrardphotography\\\/\",\"https:\\\/\\\/x.com\\\/stevegerrard\",\"https:\\\/\\\/www.youtube.com\\\/c\\\/SteveGerrardPhotography\"]}]}<\/script>\n<!-- \/ Yoast SEO Premium plugin. -->","yoast_head_json":{"title":"Contact - Steve Gerrard Photography","robots":{"index":"index","follow":"follow","max-snippet":"max-snippet:-1","max-image-preview":"max-image-preview:large","max-video-preview":"max-video-preview:-1"},"canonical":"https:\/\/stevegerrard.com\/fr\/contact\/","og_locale":"fr_FR","og_type":"article","og_title":"Contact","og_description":"[vc_row][vc_column width=\u00a0\u00bb1\/2&Prime;][vc_column_text] Contactez-nous! C\u2019est l\u00e0 que la magie op\u00e8re. Connectons-nous et lan\u00e7ons le processus, r\u00e9pondons \u00e0 toutes vos questions et organisez peut-\u00eatre une conversation appropri\u00e9e. Allons-y! Courriel &#8211; steve@stevegerrard.com Montr\u00e9al, Canada \/\/ Royaume-Uni \/\/ International 1563, rue Leduc St-Lazare J7T 2H5 Canada T\u00e9l\u00e9phone: Canada\/\u00c9tats-Unis : +1 514 602 3583 Royaume-Uni\/Europe : +44 (0)7977 446362 Devenez [&hellip;]","og_url":"https:\/\/stevegerrard.com\/fr\/contact\/","og_site_name":"Steve Gerrard Photography","article_publisher":"https:\/\/www.facebook.com\/stevegerrardphotography","article_modified_time":"2023-08-09T17:45:56+00:00","og_image":[{"width":31,"height":30,"url":"https:\/\/stevegerrard.com\/wp-content\/uploads\/2017\/03\/instagram.png","type":"image\/png"}],"twitter_card":"summary_large_image","twitter_site":"@stevegerrard","twitter_misc":{"Dur\u00e9e de lecture estim\u00e9e":"2 minutes"},"schema":{"@context":"https:\/\/schema.org","@graph":[{"@type":"WebPage","@id":"https:\/\/stevegerrard.com\/fr\/contact\/","url":"https:\/\/stevegerrard.com\/fr\/contact\/","name":"Contact - Steve Gerrard Photography","isPartOf":{"@id":"https:\/\/stevegerrard.com\/fr\/#website"},"primaryImageOfPage":{"@id":"https:\/\/stevegerrard.com\/fr\/contact\/#primaryimage"},"image":{"@id":"https:\/\/stevegerrard.com\/fr\/contact\/#primaryimage"},"thumbnailUrl":"https:\/\/stevegerrard.com\/wp-content\/uploads\/2017\/03\/instagram.png","datePublished":"2013-06-17T19:51:49+00:00","dateModified":"2023-08-09T17:45:56+00:00","breadcrumb":{"@id":"https:\/\/stevegerrard.com\/fr\/contact\/#breadcrumb"},"inLanguage":"fr-FR","potentialAction":[{"@type":"ReadAction","target":["https:\/\/stevegerrard.com\/fr\/contact\/"]}]},{"@type":"ImageObject","inLanguage":"fr-FR","@id":"https:\/\/stevegerrard.com\/fr\/contact\/#primaryimage","url":"https:\/\/stevegerrard.com\/wp-content\/uploads\/2017\/03\/instagram.png","contentUrl":"https:\/\/stevegerrard.com\/wp-content\/uploads\/2017\/03\/instagram.png","width":31,"height":30},{"@type":"BreadcrumbList","@id":"https:\/\/stevegerrard.com\/fr\/contact\/#breadcrumb","itemListElement":[{"@type":"ListItem","position":1,"name":"Home","item":"https:\/\/stevegerrard.com\/fr\/"},{"@type":"ListItem","position":2,"name":"Contact"}]},{"@type":"WebSite","@id":"https:\/\/stevegerrard.com\/fr\/#website","url":"https:\/\/stevegerrard.com\/fr\/","name":"Steve Gerrard Photography","description":"Wedding, portrait &amp; music photography","publisher":{"@id":"https:\/\/stevegerrard.com\/fr\/#\/schema\/person\/b0486803327c43f1437d11a2c2998eb6"},"potentialAction":[{"@type":"SearchAction","target":{"@type":"EntryPoint","urlTemplate":"https:\/\/stevegerrard.com\/fr\/?s={search_term_string}"},"query-input":{"@type":"PropertyValueSpecification","valueRequired":true,"valueName":"search_term_string"}}],"inLanguage":"fr-FR"},{"@type":["Person","Organization"],"@id":"https:\/\/stevegerrard.com\/fr\/#\/schema\/person\/b0486803327c43f1437d11a2c2998eb6","name":"Steve Gerrard","image":{"@type":"ImageObject","inLanguage":"fr-FR","@id":"https:\/\/stevegerrard.com\/wp-content\/uploads\/2022\/01\/HiResLogo-square.jpg","url":"https:\/\/stevegerrard.com\/wp-content\/uploads\/2022\/01\/HiResLogo-square.jpg","contentUrl":"https:\/\/stevegerrard.com\/wp-content\/uploads\/2022\/01\/HiResLogo-square.jpg","width":1142,"height":1143,"caption":"Steve Gerrard"},"logo":{"@id":"https:\/\/stevegerrard.com\/wp-content\/uploads\/2022\/01\/HiResLogo-square.jpg"},"description":"Hi, I\u2019m Steve &amp; I\u2019m a wedding, portrait &amp; music photographer. I do things a bit differently. My photography style is authentic, creative, and cheese-free!","sameAs":["https:\/\/stevegerrard.com\/","https:\/\/www.facebook.com\/stevegerrardphotography","https:\/\/www.instagram.com\/stevegerrard\/","https:\/\/www.linkedin.com\/in\/stevegerrardphotography\/","https:\/\/x.com\/stevegerrard","https:\/\/www.youtube.com\/c\/SteveGerrardPhotography"]}]}},"_links":{"self":[{"href":"https:\/\/stevegerrard.com\/fr\/wp-json\/wp\/v2\/pages\/69845","targetHints":{"allow":["GET"]}}],"collection":[{"href":"https:\/\/stevegerrard.com\/fr\/wp-json\/wp\/v2\/pages"}],"about":[{"href":"https:\/\/stevegerrard.com\/fr\/wp-json\/wp\/v2\/types\/page"}],"author":[{"embeddable":true,"href":"https:\/\/stevegerrard.com\/fr\/wp-json\/wp\/v2\/users\/3"}],"replies":[{"embeddable":true,"href":"https:\/\/stevegerrard.com\/fr\/wp-json\/wp\/v2\/comments?post=69845"}],"version-history":[{"count":2,"href":"https:\/\/stevegerrard.com\/fr\/wp-json\/wp\/v2\/pages\/69845\/revisions"}],"predecessor-version":[{"id":69907,"href":"https:\/\/stevegerrard.com\/fr\/wp-json\/wp\/v2\/pages\/69845\/revisions\/69907"}],"wp:featuredmedia":[{"embeddable":true,"href":"https:\/\/stevegerrard.com\/fr\/wp-json\/wp\/v2\/media\/51146"}],"wp:attachment":[{"href":"https:\/\/stevegerrard.com\/fr\/wp-json\/wp\/v2\/media?parent=69845"}],"curies":[{"name":"wp","href":"https:\/\/api.w.org\/{rel}","templated":true}]}}