{"id":72491,"date":"2020-02-18T01:58:41","date_gmt":"2020-02-18T06:58:41","guid":{"rendered":"https:\/\/stevegerrard.lgj-dev.com\/photographe-dentreprise-et-devenements-a-montreal\/"},"modified":"2024-01-26T01:47:51","modified_gmt":"2024-01-26T06:47:51","slug":"photographe-dentreprise-et-devenements-a-montreal","status":"publish","type":"page","link":"https:\/\/stevegerrard.com\/fr\/photographe-dentreprise-et-devenements-a-montreal\/","title":{"rendered":"Photographe d&rsquo;entreprise et d&rsquo;\u00e9v\u00e9nements \u00e0 Montr\u00e9al"},"content":{"rendered":"\n<figure class=\"wp-block-image aligncenter size-large\"><img fetchpriority=\"high\" decoding=\"async\" width=\"1000\" height=\"662\" src=\"https:\/\/stevegerrard.com\/wp-content\/uploads\/2020\/02\/montreal-event-corporate-photographer_0864-1000x662.jpg\" alt=\"Photographe d'entreprise et d'&#xE9;v&#xE9;nements &#xE0; Montr&#xE9;al\" class=\"wp-image-33346\" srcset=\"https:\/\/stevegerrard.com\/wp-content\/uploads\/2020\/02\/montreal-event-corporate-photographer_0864-1000x662.jpg 1000w, https:\/\/stevegerrard.com\/wp-content\/uploads\/2020\/02\/montreal-event-corporate-photographer_0864-600x397.jpg 600w, https:\/\/stevegerrard.com\/wp-content\/uploads\/2020\/02\/montreal-event-corporate-photographer_0864-768x509.jpg 768w, https:\/\/stevegerrard.com\/wp-content\/uploads\/2020\/02\/montreal-event-corporate-photographer_0864.jpg 1400w\" sizes=\"(max-width: 1000px) 100vw, 1000px\" \/><\/figure>\n\n<h2 class=\"wp-block-heading has-text-align-center\" id=\"h-montreal-corporate-amp-event-photographer\">Photographe d&rsquo;entreprise et d&rsquo;\u00e9v\u00e9nements \u00e0 Montr\u00e9al<\/h2>\n\n<p class=\"has-text-align-center\"><em><strong>La photographie d&rsquo;\u00e9v\u00e9nements d&rsquo;entreprise n&rsquo;est plus ce qu&rsquo;elle \u00e9tait<\/strong><\/em><\/p>\n\n<p>En tant que <a href=\"https:\/\/stevegerrard.com\/fr\/photographie-de-portrait\/portraits-editoriaux\/\">photographe d&rsquo;\u00e9v\u00e9nements<\/a> commerciaux bas\u00e9 \u00e0 Montr\u00e9al, je fais de mon mieux pour me concentrer sur un style de photographie qui, selon moi, me convient le mieux en tant que personne et en tant que photographe. Cela implique presque toujours un th\u00e8me commun&#8230; les gens.<\/p>\n\n<p>Un jour, je peux photographier un <a href=\"https:\/\/stevegerrardphoto.com\/shopify-event-montreal\/\" target=\"_blank\" rel=\"noreferrer noopener\">grand \u00e9v\u00e9nement d&rsquo;entreprise<\/a>, le lendemain, <a href=\"https:\/\/stevegerrard.com\/fr\/photographie-musicale\/groupes-live\/\" target=\"_blank\" rel=\"noreferrer noopener\">un concert<\/a> ou des <a href=\"https:\/\/stevegerrardphoto.com\/headshots\/\" target=\"_blank\" rel=\"noreferrer noopener\">photos de t\u00eate<\/a> pour une entreprise qui cherche \u00e0 r\u00e9organiser sa pr\u00e9sence en ligne.<\/p>\n\n<p>La seule chose qui, je crois, me permet de m&rsquo;adapter \u00e0 ces \u00e9v\u00e9nements souvent vari\u00e9s, c&rsquo;est que je suis dou\u00e9e pour \u00e9tablir un lien avec les personnes qui se trouvent devant mon appareil photo. Cette connexion aide les gens \u00e0 se d\u00e9tendre et \u00e0 faire ressortir leur personnalit\u00e9 dans les images finales.<\/p>\n\n<p>J&rsquo;ai photographi\u00e9 des c\u00e9r\u00e9monies de remise de prix \u00e0 la Place des Arts, des \u00e9v\u00e9nements de r\u00e9seautage dans des entreprises comme WeWork et <a href=\"https:\/\/stevegerrardphoto.com\/shopify-event-montreal\/\">Shopify<\/a>. J&rsquo;ai photographi\u00e9 des festivals comme Osheaga et Igloofest pour Jack Daniel&rsquo;s et j&rsquo;ai m\u00eame pu photographier la <a href=\"https:\/\/stevegerrard.com\/kylie-jenner-birthday-party\/\">f\u00eate d&rsquo;anniversaire de Kylie Jenner<\/a> au Beach Club.<\/p>\n\n<figure class=\"wp-block-image aligncenter size-large\"><img decoding=\"async\" width=\"1000\" height=\"667\" src=\"https:\/\/stevegerrard.com\/wp-content\/uploads\/2020\/02\/Shopify-108-1000x667.jpg\" alt=\"Photographe d'&#xE9;v&#xE9;nements commerciaux &#xE0; Montr&#xE9;al\" class=\"wp-image-33336\" srcset=\"https:\/\/stevegerrard.com\/wp-content\/uploads\/2020\/02\/Shopify-108-1000x667.jpg 1000w, https:\/\/stevegerrard.com\/wp-content\/uploads\/2020\/02\/Shopify-108-600x400.jpg 600w, https:\/\/stevegerrard.com\/wp-content\/uploads\/2020\/02\/Shopify-108-768x512.jpg 768w, https:\/\/stevegerrard.com\/wp-content\/uploads\/2020\/02\/Shopify-108-1536x1024.jpg 1536w, https:\/\/stevegerrard.com\/wp-content\/uploads\/2020\/02\/Shopify-108.jpg 2048w\" sizes=\"(max-width: 1000px) 100vw, 1000px\" \/><figcaption class=\"wp-element-caption\"><em>Shopify Montr\u00e9al<\/em><\/figcaption><\/figure>\n\n<h2 class=\"wp-block-heading\" id=\"h-modern-headshots-for-modern-businesses\">Des clich\u00e9s modernes pour des entreprises modernes<\/h2>\n\n<p>Je r\u00e9alise \u00e9galement des photos de <a href=\"https:\/\/stevegerrardphoto.com\/personal-branding-photography\/\" target=\"_blank\" rel=\"noreferrer noopener\">marque personnelles<\/a>, des <a href=\"https:\/\/stevegerrard.com\/fr\/portraits\/headshots-professionnels-montreal\/\">photos d&rsquo;<\/a> entreprise et des photos d&rsquo;acteurs.<\/p>\n\n<p>Les portraits d&rsquo;entreprise sont essentiels pour donner une bonne image de votre soci\u00e9t\u00e9. Il est important de r\u00e9fl\u00e9chir au message que vous essayez de faire passer et de vous habiller en cons\u00e9quence. Par exemple, un cabinet d&rsquo;avocats peut opter pour un costume et une apparence plus s\u00e9rieuse, tandis qu&rsquo;un cr\u00e9ateur d&rsquo;entreprise peut pr\u00e9f\u00e9rer une image plus d\u00e9contract\u00e9e et amusante. Les portraits permettent d&rsquo;humaniser votre entreprise, qu&rsquo;elle soit \u00e9ditoriale ou professionnelle.  <\/p>\n\n<p>Les photos d&rsquo;identit\u00e9 sont g\u00e9n\u00e9ralement prises sur le lieu de travail. Il s&rsquo;agit d&rsquo;une approche plus moderne et plus cr\u00e9ative, qui raconte davantage une histoire que les photos standard sur fond blanc prises en studio, mais qui est toujours consid\u00e9r\u00e9e comme professionnelle. Par exemple, un chef cuisinier peut faire r\u00e9aliser son portrait \u00e9ditorial dans sa cuisine, coiff\u00e9 d&rsquo;une toque. Ce type de photo se retrouve souvent dans les magazines et en ligne.<\/p>\n\n<p>Les prises de vue professionnelles sont g\u00e9n\u00e9ralement r\u00e9alis\u00e9es dans un studio de photographie avec un arri\u00e8re-plan neutre et un \u00e9clairage sp\u00e9cial afin que l&rsquo;accent soit mis sur le sujet. En termes de cadrage, les \u00e9paules et le haut du buste du sujet sont g\u00e9n\u00e9ralement visibles. Les v\u00eatements de bureau peuvent \u00eatre \u00e9l\u00e9gants ou d\u00e9contract\u00e9s, en fonction de l&rsquo;entreprise et de l&rsquo;image qu&rsquo;elle souhaite donner.<\/p>\n\n<p>Les portraits professionnels sont souvent utilis\u00e9s par les grandes entreprises pour pr\u00e9senter leurs employ\u00e9s, mais ils sont \u00e9galement utilis\u00e9s sur les sites de m\u00e9dias sociaux, tels que <a href=\"https:\/\/www.linkedin.com\/in\/stevegerrardphotography\/\">Linkedin<\/a> et <a href=\"https:\/\/twitter.com\/stevegerrard\">Twitter<\/a>, et sur les CV en tant que photo de profil.  <\/p>\n\n<p>Je travaille principalement dans les r\u00e9gions de Montr\u00e9al et d&rsquo;Ottawa, mais je me d\u00e9place r\u00e9guli\u00e8rement au Qu\u00e9bec, en Ontario et ailleurs.<\/p>\n\n<p>Pour plus d&rsquo;exemples de mes photos de t\u00eate, de mon image de marque personnelle et de mon travail d&rsquo;entreprise, visitez <a href=\"https:\/\/stevegerrardphoto.com\/\">stevegerrardphoto.com<\/a>.<\/p>\n\n<div class=\"nar-root\" data-post-id=\"7c33dd70-8965-4f03-8bc6-416fed25d455\" style=\"p {text-align:center;opacity: 0.0;animation: nara 0s ease-in 2s forwards;}@keyframes nara {to {opacity: 1.0;}}\">\n  <img decoding=\"async\" style=\"width:100%;\" src=\"https:\/\/content1.getnarrativeapp.com\/static\/7c33dd70-8965-4f03-8bc6-416fed25d455\/featured.jpg\"\/>\n  <noscript><p>Votre blog narratif appara\u00eetra ici, cliquez sur aper\u00e7u pour le voir en direct.<br\/>Pour tout probl\u00e8me, cliquez <a href=\"https:\/\/help.narrative.so\/i\/j\">ici<\/a><\/p><\/noscript>\n  <script type=\"text\/javascript\" src=\"https:\/\/service.getnarrativeapp.com\/core\/embed\/r\/7c33dd70-8965-4f03-8bc6-416fed25d455.js\"><\/script>\n<\/div>\n","protected":false},"excerpt":{"rendered":"<p>Photographe d&rsquo;entreprise et d&rsquo;\u00e9v\u00e9nements \u00e0 Montr\u00e9al La photographie d&rsquo;\u00e9v\u00e9nements d&rsquo;entreprise n&rsquo;est plus ce qu&rsquo;elle \u00e9tait En tant que photographe d&rsquo;\u00e9v\u00e9nements commerciaux bas\u00e9 \u00e0 Montr\u00e9al, je fais de mon mieux pour me concentrer sur un style de photographie qui, selon moi, me convient le mieux en tant que personne et en tant que photographe. Cela implique [&hellip;]<\/p>\n","protected":false},"author":2,"featured_media":55045,"parent":0,"menu_order":0,"comment_status":"closed","ping_status":"closed","template":"","meta":{"_acf_changed":false,"footnotes":""},"class_list":["post-72491","page","type-page","status-publish","has-post-thumbnail","hentry"],"acf":[],"yoast_head":"<!-- This site is optimized with the Yoast SEO Premium plugin v27.4 (Yoast SEO v27.4) - https:\/\/yoast.com\/product\/yoast-seo-premium-wordpress\/ -->\n<title>Photographe d&#039;entreprise et d&#039;\u00e9v\u00e9nements \u00e0 Montr\u00e9al - Steve Gerrard Photography<\/title>\n<meta name=\"description\" content=\"Photographe prim\u00e9 de portraits, d&#039;entreprises et d&#039;\u00e9v\u00e9nements, bas\u00e9 \u00e0 Montr\u00e9al (Qu\u00e9bec) et travaillant dans tout le Canada. Sp\u00e9cialis\u00e9 \u00e9galement dans les photos d&#039;entreprise modernes.\" \/>\n<meta name=\"robots\" content=\"index, follow, max-snippet:-1, max-image-preview:large, max-video-preview:-1\" \/>\n<link rel=\"canonical\" href=\"https:\/\/stevegerrard.com\/fr\/photographe-dentreprise-et-devenements-a-montreal\/\" \/>\n<meta property=\"og:locale\" content=\"fr_FR\" \/>\n<meta property=\"og:type\" content=\"article\" \/>\n<meta property=\"og:title\" content=\"Photographe d&#039;entreprise et d&#039;\u00e9v\u00e9nements \u00e0 Montr\u00e9al\" \/>\n<meta property=\"og:description\" content=\"Photographe prim\u00e9 de portraits, d&#039;entreprises et d&#039;\u00e9v\u00e9nements, bas\u00e9 \u00e0 Montr\u00e9al (Qu\u00e9bec) et travaillant dans tout le Canada. Sp\u00e9cialis\u00e9 \u00e9galement dans les photos d&#039;entreprise modernes.\" \/>\n<meta property=\"og:url\" content=\"https:\/\/stevegerrard.com\/fr\/photographe-dentreprise-et-devenements-a-montreal\/\" \/>\n<meta property=\"og:site_name\" content=\"Steve Gerrard Photography\" \/>\n<meta property=\"article:publisher\" content=\"https:\/\/www.facebook.com\/stevegerrardphotography\" \/>\n<meta property=\"article:modified_time\" content=\"2024-01-26T06:47:51+00:00\" \/>\n<meta property=\"og:image\" content=\"https:\/\/stevegerrard.com\/wp-content\/uploads\/2020\/02\/montreal-event-corporate-photographer_0864.jpg\" \/>\n\t<meta property=\"og:image:width\" content=\"1400\" \/>\n\t<meta property=\"og:image:height\" content=\"927\" \/>\n\t<meta property=\"og:image:type\" content=\"image\/jpeg\" \/>\n<meta name=\"twitter:card\" content=\"summary_large_image\" \/>\n<meta name=\"twitter:site\" content=\"@stevegerrard\" \/>\n<meta name=\"twitter:label1\" content=\"Dur\u00e9e de lecture estim\u00e9e\" \/>\n\t<meta name=\"twitter:data1\" content=\"3 minutes\" \/>\n<script type=\"application\/ld+json\" class=\"yoast-schema-graph\">{\"@context\":\"https:\\\/\\\/schema.org\",\"@graph\":[{\"@type\":\"WebPage\",\"@id\":\"https:\\\/\\\/stevegerrard.com\\\/fr\\\/photographe-dentreprise-et-devenements-a-montreal\\\/\",\"url\":\"https:\\\/\\\/stevegerrard.com\\\/fr\\\/photographe-dentreprise-et-devenements-a-montreal\\\/\",\"name\":\"Photographe d'entreprise et d'\u00e9v\u00e9nements \u00e0 Montr\u00e9al - Steve Gerrard Photography\",\"isPartOf\":{\"@id\":\"https:\\\/\\\/stevegerrard.com\\\/fr\\\/#website\"},\"primaryImageOfPage\":{\"@id\":\"https:\\\/\\\/stevegerrard.com\\\/fr\\\/photographe-dentreprise-et-devenements-a-montreal\\\/#primaryimage\"},\"image\":{\"@id\":\"https:\\\/\\\/stevegerrard.com\\\/fr\\\/photographe-dentreprise-et-devenements-a-montreal\\\/#primaryimage\"},\"thumbnailUrl\":\"https:\\\/\\\/stevegerrard.com\\\/wp-content\\\/uploads\\\/2020\\\/02\\\/montreal-event-corporate-photographer_0864.jpg\",\"datePublished\":\"2020-02-18T06:58:41+00:00\",\"dateModified\":\"2024-01-26T06:47:51+00:00\",\"description\":\"Photographe prim\u00e9 de portraits, d'entreprises et d'\u00e9v\u00e9nements, bas\u00e9 \u00e0 Montr\u00e9al (Qu\u00e9bec) et travaillant dans tout le Canada. Sp\u00e9cialis\u00e9 \u00e9galement dans les photos d'entreprise modernes.\",\"breadcrumb\":{\"@id\":\"https:\\\/\\\/stevegerrard.com\\\/fr\\\/photographe-dentreprise-et-devenements-a-montreal\\\/#breadcrumb\"},\"inLanguage\":\"fr-FR\",\"potentialAction\":[{\"@type\":\"ReadAction\",\"target\":[\"https:\\\/\\\/stevegerrard.com\\\/fr\\\/photographe-dentreprise-et-devenements-a-montreal\\\/\"]}]},{\"@type\":\"ImageObject\",\"inLanguage\":\"fr-FR\",\"@id\":\"https:\\\/\\\/stevegerrard.com\\\/fr\\\/photographe-dentreprise-et-devenements-a-montreal\\\/#primaryimage\",\"url\":\"https:\\\/\\\/stevegerrard.com\\\/wp-content\\\/uploads\\\/2020\\\/02\\\/montreal-event-corporate-photographer_0864.jpg\",\"contentUrl\":\"https:\\\/\\\/stevegerrard.com\\\/wp-content\\\/uploads\\\/2020\\\/02\\\/montreal-event-corporate-photographer_0864.jpg\",\"width\":1400,\"height\":927,\"caption\":\"Montreal Corporate & Event Photographer\"},{\"@type\":\"BreadcrumbList\",\"@id\":\"https:\\\/\\\/stevegerrard.com\\\/fr\\\/photographe-dentreprise-et-devenements-a-montreal\\\/#breadcrumb\",\"itemListElement\":[{\"@type\":\"ListItem\",\"position\":1,\"name\":\"Home\",\"item\":\"https:\\\/\\\/stevegerrard.com\\\/fr\\\/\"},{\"@type\":\"ListItem\",\"position\":2,\"name\":\"Photographe d&rsquo;entreprise et d&rsquo;\u00e9v\u00e9nements \u00e0 Montr\u00e9al\"}]},{\"@type\":\"WebSite\",\"@id\":\"https:\\\/\\\/stevegerrard.com\\\/fr\\\/#website\",\"url\":\"https:\\\/\\\/stevegerrard.com\\\/fr\\\/\",\"name\":\"Steve Gerrard Photography\",\"description\":\"Wedding, portrait &amp; music photography\",\"publisher\":{\"@id\":\"https:\\\/\\\/stevegerrard.com\\\/fr\\\/#\\\/schema\\\/person\\\/b0486803327c43f1437d11a2c2998eb6\"},\"potentialAction\":[{\"@type\":\"SearchAction\",\"target\":{\"@type\":\"EntryPoint\",\"urlTemplate\":\"https:\\\/\\\/stevegerrard.com\\\/fr\\\/?s={search_term_string}\"},\"query-input\":{\"@type\":\"PropertyValueSpecification\",\"valueRequired\":true,\"valueName\":\"search_term_string\"}}],\"inLanguage\":\"fr-FR\"},{\"@type\":[\"Person\",\"Organization\"],\"@id\":\"https:\\\/\\\/stevegerrard.com\\\/fr\\\/#\\\/schema\\\/person\\\/b0486803327c43f1437d11a2c2998eb6\",\"name\":\"Steve Gerrard\",\"image\":{\"@type\":\"ImageObject\",\"inLanguage\":\"fr-FR\",\"@id\":\"https:\\\/\\\/stevegerrard.com\\\/wp-content\\\/uploads\\\/2022\\\/01\\\/HiResLogo-square.jpg\",\"url\":\"https:\\\/\\\/stevegerrard.com\\\/wp-content\\\/uploads\\\/2022\\\/01\\\/HiResLogo-square.jpg\",\"contentUrl\":\"https:\\\/\\\/stevegerrard.com\\\/wp-content\\\/uploads\\\/2022\\\/01\\\/HiResLogo-square.jpg\",\"width\":1142,\"height\":1143,\"caption\":\"Steve Gerrard\"},\"logo\":{\"@id\":\"https:\\\/\\\/stevegerrard.com\\\/wp-content\\\/uploads\\\/2022\\\/01\\\/HiResLogo-square.jpg\"},\"description\":\"?? Wedding + Portrait Photographer ? ???. ???????. ????? ??????.\u2063 I photograph portraits, bands &amp; cool weddings\",\"sameAs\":[\"https:\\\/\\\/stevegerrard.com\\\/\",\"https:\\\/\\\/www.facebook.com\\\/stevegerrardphotography\",\"https:\\\/\\\/www.instagram.com\\\/stevegerrard\\\/\",\"https:\\\/\\\/www.linkedin.com\\\/in\\\/stevegerrardphotography\\\/\",\"https:\\\/\\\/x.com\\\/stevegerrard\",\"https:\\\/\\\/www.youtube.com\\\/c\\\/SteveGerrardPhotography\"]}]}<\/script>\n<!-- \/ Yoast SEO Premium plugin. -->","yoast_head_json":{"title":"Photographe d'entreprise et d'\u00e9v\u00e9nements \u00e0 Montr\u00e9al - Steve Gerrard Photography","description":"Photographe prim\u00e9 de portraits, d'entreprises et d'\u00e9v\u00e9nements, bas\u00e9 \u00e0 Montr\u00e9al (Qu\u00e9bec) et travaillant dans tout le Canada. Sp\u00e9cialis\u00e9 \u00e9galement dans les photos d'entreprise modernes.","robots":{"index":"index","follow":"follow","max-snippet":"max-snippet:-1","max-image-preview":"max-image-preview:large","max-video-preview":"max-video-preview:-1"},"canonical":"https:\/\/stevegerrard.com\/fr\/photographe-dentreprise-et-devenements-a-montreal\/","og_locale":"fr_FR","og_type":"article","og_title":"Photographe d'entreprise et d'\u00e9v\u00e9nements \u00e0 Montr\u00e9al","og_description":"Photographe prim\u00e9 de portraits, d'entreprises et d'\u00e9v\u00e9nements, bas\u00e9 \u00e0 Montr\u00e9al (Qu\u00e9bec) et travaillant dans tout le Canada. Sp\u00e9cialis\u00e9 \u00e9galement dans les photos d'entreprise modernes.","og_url":"https:\/\/stevegerrard.com\/fr\/photographe-dentreprise-et-devenements-a-montreal\/","og_site_name":"Steve Gerrard Photography","article_publisher":"https:\/\/www.facebook.com\/stevegerrardphotography","article_modified_time":"2024-01-26T06:47:51+00:00","og_image":[{"width":1400,"height":927,"url":"https:\/\/stevegerrard.com\/wp-content\/uploads\/2020\/02\/montreal-event-corporate-photographer_0864.jpg","type":"image\/jpeg"}],"twitter_card":"summary_large_image","twitter_site":"@stevegerrard","twitter_misc":{"Dur\u00e9e de lecture estim\u00e9e":"3 minutes"},"schema":{"@context":"https:\/\/schema.org","@graph":[{"@type":"WebPage","@id":"https:\/\/stevegerrard.com\/fr\/photographe-dentreprise-et-devenements-a-montreal\/","url":"https:\/\/stevegerrard.com\/fr\/photographe-dentreprise-et-devenements-a-montreal\/","name":"Photographe d'entreprise et d'\u00e9v\u00e9nements \u00e0 Montr\u00e9al - Steve Gerrard Photography","isPartOf":{"@id":"https:\/\/stevegerrard.com\/fr\/#website"},"primaryImageOfPage":{"@id":"https:\/\/stevegerrard.com\/fr\/photographe-dentreprise-et-devenements-a-montreal\/#primaryimage"},"image":{"@id":"https:\/\/stevegerrard.com\/fr\/photographe-dentreprise-et-devenements-a-montreal\/#primaryimage"},"thumbnailUrl":"https:\/\/stevegerrard.com\/wp-content\/uploads\/2020\/02\/montreal-event-corporate-photographer_0864.jpg","datePublished":"2020-02-18T06:58:41+00:00","dateModified":"2024-01-26T06:47:51+00:00","description":"Photographe prim\u00e9 de portraits, d'entreprises et d'\u00e9v\u00e9nements, bas\u00e9 \u00e0 Montr\u00e9al (Qu\u00e9bec) et travaillant dans tout le Canada. Sp\u00e9cialis\u00e9 \u00e9galement dans les photos d'entreprise modernes.","breadcrumb":{"@id":"https:\/\/stevegerrard.com\/fr\/photographe-dentreprise-et-devenements-a-montreal\/#breadcrumb"},"inLanguage":"fr-FR","potentialAction":[{"@type":"ReadAction","target":["https:\/\/stevegerrard.com\/fr\/photographe-dentreprise-et-devenements-a-montreal\/"]}]},{"@type":"ImageObject","inLanguage":"fr-FR","@id":"https:\/\/stevegerrard.com\/fr\/photographe-dentreprise-et-devenements-a-montreal\/#primaryimage","url":"https:\/\/stevegerrard.com\/wp-content\/uploads\/2020\/02\/montreal-event-corporate-photographer_0864.jpg","contentUrl":"https:\/\/stevegerrard.com\/wp-content\/uploads\/2020\/02\/montreal-event-corporate-photographer_0864.jpg","width":1400,"height":927,"caption":"Montreal Corporate & Event Photographer"},{"@type":"BreadcrumbList","@id":"https:\/\/stevegerrard.com\/fr\/photographe-dentreprise-et-devenements-a-montreal\/#breadcrumb","itemListElement":[{"@type":"ListItem","position":1,"name":"Home","item":"https:\/\/stevegerrard.com\/fr\/"},{"@type":"ListItem","position":2,"name":"Photographe d&rsquo;entreprise et d&rsquo;\u00e9v\u00e9nements \u00e0 Montr\u00e9al"}]},{"@type":"WebSite","@id":"https:\/\/stevegerrard.com\/fr\/#website","url":"https:\/\/stevegerrard.com\/fr\/","name":"Steve Gerrard Photography","description":"Wedding, portrait &amp; music photography","publisher":{"@id":"https:\/\/stevegerrard.com\/fr\/#\/schema\/person\/b0486803327c43f1437d11a2c2998eb6"},"potentialAction":[{"@type":"SearchAction","target":{"@type":"EntryPoint","urlTemplate":"https:\/\/stevegerrard.com\/fr\/?s={search_term_string}"},"query-input":{"@type":"PropertyValueSpecification","valueRequired":true,"valueName":"search_term_string"}}],"inLanguage":"fr-FR"},{"@type":["Person","Organization"],"@id":"https:\/\/stevegerrard.com\/fr\/#\/schema\/person\/b0486803327c43f1437d11a2c2998eb6","name":"Steve Gerrard","image":{"@type":"ImageObject","inLanguage":"fr-FR","@id":"https:\/\/stevegerrard.com\/wp-content\/uploads\/2022\/01\/HiResLogo-square.jpg","url":"https:\/\/stevegerrard.com\/wp-content\/uploads\/2022\/01\/HiResLogo-square.jpg","contentUrl":"https:\/\/stevegerrard.com\/wp-content\/uploads\/2022\/01\/HiResLogo-square.jpg","width":1142,"height":1143,"caption":"Steve Gerrard"},"logo":{"@id":"https:\/\/stevegerrard.com\/wp-content\/uploads\/2022\/01\/HiResLogo-square.jpg"},"description":"?? Wedding + Portrait Photographer ? ???. ???????. ????? ??????.\u2063 I photograph portraits, bands &amp; cool weddings","sameAs":["https:\/\/stevegerrard.com\/","https:\/\/www.facebook.com\/stevegerrardphotography","https:\/\/www.instagram.com\/stevegerrard\/","https:\/\/www.linkedin.com\/in\/stevegerrardphotography\/","https:\/\/x.com\/stevegerrard","https:\/\/www.youtube.com\/c\/SteveGerrardPhotography"]}]}},"_links":{"self":[{"href":"https:\/\/stevegerrard.com\/fr\/wp-json\/wp\/v2\/pages\/72491","targetHints":{"allow":["GET"]}}],"collection":[{"href":"https:\/\/stevegerrard.com\/fr\/wp-json\/wp\/v2\/pages"}],"about":[{"href":"https:\/\/stevegerrard.com\/fr\/wp-json\/wp\/v2\/types\/page"}],"author":[{"embeddable":true,"href":"https:\/\/stevegerrard.com\/fr\/wp-json\/wp\/v2\/users\/2"}],"replies":[{"embeddable":true,"href":"https:\/\/stevegerrard.com\/fr\/wp-json\/wp\/v2\/comments?post=72491"}],"version-history":[{"count":2,"href":"https:\/\/stevegerrard.com\/fr\/wp-json\/wp\/v2\/pages\/72491\/revisions"}],"predecessor-version":[{"id":73254,"href":"https:\/\/stevegerrard.com\/fr\/wp-json\/wp\/v2\/pages\/72491\/revisions\/73254"}],"wp:featuredmedia":[{"embeddable":true,"href":"https:\/\/stevegerrard.com\/fr\/wp-json\/wp\/v2\/media\/55045"}],"wp:attachment":[{"href":"https:\/\/stevegerrard.com\/fr\/wp-json\/wp\/v2\/media?parent=72491"}],"curies":[{"name":"wp","href":"https:\/\/api.w.org\/{rel}","templated":true}]}}